{"id":184,"date":"2014-08-06T14:06:04","date_gmt":"2014-08-06T12:06:04","guid":{"rendered":"http:\/\/www.mg-herrath.de\/home\/?page_id=184"},"modified":"2021-03-10T18:19:40","modified_gmt":"2021-03-10T16:19:40","slug":"wander-der-zeit","status":"publish","type":"page","link":"http:\/\/www.mg-herrath.de\/home\/?page_id=184","title":{"rendered":"Wandel der Zeit"},"content":{"rendered":"<h4>Herrath im Wandel der Zeit<\/h4>\n<h4><span style=\"color: #993300;\">(von Fritz Fr\u00e4nken 1998 )<\/span><\/h4>\n<p>W\u00e4hrend heutzutage zur Befriedigung aller Grundbed\u00fcrfnisse oder zur Inanspruch-<br \/>\nnahme aller Dienst-, Handels- und Handwerksleistungen jeder Herrather Haushalt<br \/>\neinen eigenen Kurierdienst bis in die Zentren der Stadt oder zumindest bis in die be-<br \/>\nnachbarten Ortschaften unterh\u00e4lt und umgekehrt Dienstleister und Handwerker mit<br \/>\nz. T. erheblichen Anfahrtskosten die verschiedensten Bed\u00fcrfnisse Herrather Mitbe-<br \/>\nwohner erf\u00fcllen, kann sich manch einer noch gut erinnern, dass das bis vor nicht all-<br \/>\nzu langer Zeit in diesem Ma\u00dfe nicht erforderlich war.<\/p>\n<p>Mehr gibt es <a title=\"Im Wandel der Zeit\" href=\"http:\/\/www.mg-herrath.de\/home\/wp-content\/uploads\/2014\/08\/Zeitwandel.pdf\" target=\"_blank\" rel=\"noopener noreferrer\">hier <\/a>als PDF Download.<\/p>\n","protected":false},"excerpt":{"rendered":"<p>Herrath im Wandel der Zeit (von Fritz Fr\u00e4nken 1998 ) W\u00e4hrend heutzutage zur Befriedigung aller Grundbed\u00fcrfnisse oder zur Inanspruch- nahme aller Dienst-, Handels- und Handwerksleistungen jeder Herrather Haushalt einen eigenen Kurierdienst bis in die Zentren der Stadt oder zumindest bis in die be- nachbarten Ortschaften unterh\u00e4lt und umgekehrt Dienstleister und Handwerker mit z. T. erheblichen [&hellip;]<\/p>\n","protected":false},"author":1,"featured_media":0,"parent":1859,"menu_order":70,"comment_status":"closed","ping_status":"closed","template":"","meta":{"spay_email":""},"jetpack_sharing_enabled":true,"jetpack_shortlink":"https:\/\/wp.me\/P6a3IJ-2Y","_links":{"self":[{"href":"http:\/\/www.mg-herrath.de\/home\/index.php?rest_route=\/wp\/v2\/pages\/184"}],"collection":[{"href":"http:\/\/www.mg-herrath.de\/home\/index.php?rest_route=\/wp\/v2\/pages"}],"about":[{"href":"http:\/\/www.mg-herrath.de\/home\/index.php?rest_route=\/wp\/v2\/types\/page"}],"author":[{"embeddable":true,"href":"http:\/\/www.mg-herrath.de\/home\/index.php?rest_route=\/wp\/v2\/users\/1"}],"replies":[{"embeddable":true,"href":"http:\/\/www.mg-herrath.de\/home\/index.php?rest_route=%2Fwp%2Fv2%2Fcomments&post=184"}],"version-history":[{"count":6,"href":"http:\/\/www.mg-herrath.de\/home\/index.php?rest_route=\/wp\/v2\/pages\/184\/revisions"}],"predecessor-version":[{"id":1861,"href":"http:\/\/www.mg-herrath.de\/home\/index.php?rest_route=\/wp\/v2\/pages\/184\/revisions\/1861"}],"up":[{"embeddable":true,"href":"http:\/\/www.mg-herrath.de\/home\/index.php?rest_route=\/wp\/v2\/pages\/1859"}],"wp:attachment":[{"href":"http:\/\/www.mg-herrath.de\/home\/index.php?rest_route=%2Fwp%2Fv2%2Fmedia&parent=184"}],"curies":[{"name":"wp","href":"https:\/\/api.w.org\/{rel}","templated":true}]}}