{"id":1855,"date":"2021-03-07T13:18:58","date_gmt":"2021-03-07T11:18:58","guid":{"rendered":"http:\/\/www.mg-herrath.de\/home\/?page_id=1855"},"modified":"2022-11-30T20:59:40","modified_gmt":"2022-11-30T18:59:40","slug":"dhv","status":"publish","type":"page","link":"http:\/\/www.mg-herrath.de\/home\/?page_id=1855","title":{"rendered":"Verein f\u00fcr Heimat- und Denkmalpflege"},"content":{"rendered":"\n<p>Im Jahr 1922 wurde der Verein erstmals in der Gemeindechronik Wickrath (damals noch eigenst\u00e4ndig) erw\u00e4hnt. Der Jahresbeitrag damals betrug 0,50 Reichsmark. <\/p>\n\n\n\n<p>Der gemeinn\u00fctzige Verein hat zur Zeit 260 Mitglieder plus die beiden Ehrenmitglieder Irmgard Barth und Geff Griffin. Der Mitgliedsbeitrag betr\u00e4gt 8 \u20ac im Jahr. <br><\/p>\n\n\n\n<p>Der Verein f\u00fcr Heimat- und Denkmalpflege Herrath e.V. hat es sich zur Aufgabe gemacht, das Brauchtum und den Heimatgedanken zu f\u00f6rdern und die Verbundenheit mit dem Ort zu st\u00e4rken. Wir setzen uns daf\u00fcr ein, dass das Ortsbild erhalten bleibt und der Ort versch\u00f6nert wird. Wir sind bestrebt, alte Traditionen zu erhalten und das Gemeinschaftsleben im Ort zu pflegen. Zur St\u00e4rkung des Gemeinschaftsgeist organisieren wir regelm\u00e4\u00dfig verschiedene <a href=\"http:\/\/www.mg-herrath.de\/home\/?page_id=1949\">Veranstaltungen<\/a>, wie z.B. unser &#8211; weit \u00fcber die Grenzen des Ortes bekanntest und beliebtes &#8211; Dorf- und Kinderfest. Auch der Spielplatz im Dorf wurde durch die Initiative des DHV erneuert. <br>Die \u00dcbermittlung von Gl\u00fcckw\u00fcnschen bei Hochzeiten, runden Geburtstagen oder anderen Jubil\u00e4en ist dem Verein eine Selbstverst\u00e4ndlichkeit und Freude.<br><\/p>\n","protected":false},"excerpt":{"rendered":"<p>Im Jahr 1922 wurde der Verein erstmals in der Gemeindechronik Wickrath (damals noch eigenst\u00e4ndig) erw\u00e4hnt. Der Jahresbeitrag damals betrug 0,50 Reichsmark. Der gemeinn\u00fctzige Verein hat zur Zeit 260 Mitglieder plus die beiden Ehrenmitglieder Irmgard Barth und Geff Griffin. Der Mitgliedsbeitrag betr\u00e4gt 8 \u20ac im Jahr. Der Verein f\u00fcr Heimat- und Denkmalpflege Herrath e.V. hat es [&hellip;]<\/p>\n","protected":false},"author":4,"featured_media":0,"parent":0,"menu_order":20,"comment_status":"closed","ping_status":"closed","template":"","meta":{"spay_email":""},"jetpack_sharing_enabled":true,"jetpack_shortlink":"https:\/\/wp.me\/P6a3IJ-tV","_links":{"self":[{"href":"http:\/\/www.mg-herrath.de\/home\/index.php?rest_route=\/wp\/v2\/pages\/1855"}],"collection":[{"href":"http:\/\/www.mg-herrath.de\/home\/index.php?rest_route=\/wp\/v2\/pages"}],"about":[{"href":"http:\/\/www.mg-herrath.de\/home\/index.php?rest_route=\/wp\/v2\/types\/page"}],"author":[{"embeddable":true,"href":"http:\/\/www.mg-herrath.de\/home\/index.php?rest_route=\/wp\/v2\/users\/4"}],"replies":[{"embeddable":true,"href":"http:\/\/www.mg-herrath.de\/home\/index.php?rest_route=%2Fwp%2Fv2%2Fcomments&post=1855"}],"version-history":[{"count":15,"href":"http:\/\/www.mg-herrath.de\/home\/index.php?rest_route=\/wp\/v2\/pages\/1855\/revisions"}],"predecessor-version":[{"id":2670,"href":"http:\/\/www.mg-herrath.de\/home\/index.php?rest_route=\/wp\/v2\/pages\/1855\/revisions\/2670"}],"wp:attachment":[{"href":"http:\/\/www.mg-herrath.de\/home\/index.php?rest_route=%2Fwp%2Fv2%2Fmedia&parent=1855"}],"curies":[{"name":"wp","href":"https:\/\/api.w.org\/{rel}","templated":true}]}}