{"id":1857,"date":"2021-03-07T13:24:20","date_gmt":"2021-03-07T11:24:20","guid":{"rendered":"http:\/\/www.mg-herrath.de\/home\/?page_id=1857"},"modified":"2021-03-11T16:19:19","modified_gmt":"2021-03-11T14:19:19","slug":"events","status":"publish","type":"page","link":"http:\/\/www.mg-herrath.de\/home\/?page_id=1857","title":{"rendered":"Veranstaltungen"},"content":{"rendered":"\n<p style=\"text-align:left\">Die Veranstaltungen werden haupts\u00e4chlich vom Heimatverein und der Freiwilligen Feuerwehr ehrenamtlich organisiert und durchgef\u00fchrt. <\/p>\n\n\n\n<p>Wir Herrather sind ein geselliges V\u00f6lkchen und darum gilt:<br><\/p>\n\n\n\n<blockquote class=\"wp-block-quote\"><p>Wo man singt, da la\u00df\u00b4dich ruhig nieder, b\u00f6se Menschen haben keine Lieder.<\/p><cite>(nach Johann Gottfried Seune)<\/cite><\/blockquote>\n\n\n\n<p>Informationen zu anstehenden <a rel=\"noreferrer noopener\" aria-label=\"Informationen zu anstehenden Terminen sowie Bilder aus vergangenen Events gibt es hier. (\u00f6ffnet in neuem Tab)\" href=\"http:\/\/www.mg-herrath.de\/home\/?page_id=1949\" target=\"_blank\">Terminen<\/a>  sowie Bilder aus vergangenen Events gibt es auf den folgenden Seiten.<\/p>\n","protected":false},"excerpt":{"rendered":"<p>Die Veranstaltungen werden haupts\u00e4chlich vom Heimatverein und der Freiwilligen Feuerwehr ehrenamtlich organisiert und durchgef\u00fchrt. Wir Herrather sind ein geselliges V\u00f6lkchen und darum gilt: Wo man singt, da la\u00df\u00b4dich ruhig nieder, b\u00f6se Menschen haben keine Lieder. (nach Johann Gottfried Seune) Informationen zu anstehenden Terminen sowie Bilder aus vergangenen Events gibt es auf den folgenden Seiten.<\/p>\n","protected":false},"author":4,"featured_media":0,"parent":0,"menu_order":40,"comment_status":"closed","ping_status":"closed","template":"","meta":{"spay_email":""},"jetpack_sharing_enabled":true,"jetpack_shortlink":"https:\/\/wp.me\/P6a3IJ-tX","_links":{"self":[{"href":"http:\/\/www.mg-herrath.de\/home\/index.php?rest_route=\/wp\/v2\/pages\/1857"}],"collection":[{"href":"http:\/\/www.mg-herrath.de\/home\/index.php?rest_route=\/wp\/v2\/pages"}],"about":[{"href":"http:\/\/www.mg-herrath.de\/home\/index.php?rest_route=\/wp\/v2\/types\/page"}],"author":[{"embeddable":true,"href":"http:\/\/www.mg-herrath.de\/home\/index.php?rest_route=\/wp\/v2\/users\/4"}],"replies":[{"embeddable":true,"href":"http:\/\/www.mg-herrath.de\/home\/index.php?rest_route=%2Fwp%2Fv2%2Fcomments&post=1857"}],"version-history":[{"count":14,"href":"http:\/\/www.mg-herrath.de\/home\/index.php?rest_route=\/wp\/v2\/pages\/1857\/revisions"}],"predecessor-version":[{"id":2241,"href":"http:\/\/www.mg-herrath.de\/home\/index.php?rest_route=\/wp\/v2\/pages\/1857\/revisions\/2241"}],"wp:attachment":[{"href":"http:\/\/www.mg-herrath.de\/home\/index.php?rest_route=%2Fwp%2Fv2%2Fmedia&parent=1857"}],"curies":[{"name":"wp","href":"https:\/\/api.w.org\/{rel}","templated":true}]}}