{"id":1889,"date":"2021-03-07T14:38:21","date_gmt":"2021-03-07T12:38:21","guid":{"rendered":"http:\/\/www.mg-herrath.de\/home\/?page_id=1889"},"modified":"2025-11-04T22:38:16","modified_gmt":"2025-11-04T20:38:16","slug":"freiwillige-feuerwehr-herrath","status":"publish","type":"page","link":"http:\/\/www.mg-herrath.de\/home\/?page_id=1889","title":{"rendered":"Freiwillige Feuerwehr Herrath"},"content":{"rendered":"\n<figure class=\"wp-block-image\"><img loading=\"lazy\" width=\"1024\" height=\"680\" src=\"http:\/\/www.mg-herrath.de\/home\/wp-content\/uploads\/2021\/05\/Scheunenfoto-2018-1-1024x680.jpg\" alt=\"\" class=\"wp-image-2374\" srcset=\"http:\/\/www.mg-herrath.de\/home\/wp-content\/uploads\/2021\/05\/Scheunenfoto-2018-1-1024x680.jpg 1024w, http:\/\/www.mg-herrath.de\/home\/wp-content\/uploads\/2021\/05\/Scheunenfoto-2018-1-300x199.jpg 300w, http:\/\/www.mg-herrath.de\/home\/wp-content\/uploads\/2021\/05\/Scheunenfoto-2018-1-768x510.jpg 768w, http:\/\/www.mg-herrath.de\/home\/wp-content\/uploads\/2021\/05\/Scheunenfoto-2018-1-624x414.jpg 624w\" sizes=\"(max-width: 1024px) 100vw, 1024px\" \/><\/figure>\n\n\n\n<blockquote class=\"wp-block-quote is-style-default\"><p>Gott zur Ehr, dem N\u00e4chsten zur Wehr.<\/p><p><\/p><cite>Leitspruch der Feuerwehr<\/cite><\/blockquote>\n\n\n\n<p>Nach dem 1. Weltkrieg, im Jahr 1919, wurde die Freiwillige Feuerwehr Herrath gegr\u00fcndet. Seit 1975 sind sie die Freiwillige Feuerwehr M\u00f6nchengladbach &#8211; Einheit Herrath.<br>Im jahr 1996 wurde das neue Ger\u00e4tehaus auf der Herrather Linde eingeweiht.<\/p>\n\n\n\n<p>Neben den prim\u00e4ren Aufgaben geh\u00f6rt es auch zu den guten Gepflogenheiten einer Feuerwehr-einheit, das Dorfleben aktiv mitzugestalten und zu unterst\u00fctzen. So brennen die Herrather Kammeraden*innen jedes Jahr ein <a rel=\"noreferrer noopener\" aria-label=\"Neben den prim\u00e4ren Aufgaben geh\u00f6rt es auch zu den guten Gepflogenheiten einer Feuerwehr-Einheit, das Dorfleben aktiv mitzugestalten und zu unterst\u00fctzen. So brennen die Herrather Kammeraden*innen jedes Jahr ein Osterfeuer ab, engagieren sich beim Maibaum- und Weihnachtsbaumaufstellen, richten die Feier zum Volkstrauertag mit aus, begleiten den Martinszug und stellen beim Dorffest die Brandsicherheitswache. (\u00f6ffnet in neuem Tab)\" href=\"http:\/\/www.mg-herrath.de\/home\/?page_id=2045\" target=\"_blank\">Osterfeuer <\/a>ab, engagieren sich beim <a rel=\"noreferrer noopener\" aria-label=\"Neben den prim\u00e4ren Aufgaben geh\u00f6rt es auch zu den guten Gepflogenheiten einer Feuerwehr-Einheit, das Dorfleben aktiv mitzugestalten und zu unterst\u00fctzen. So brennen die Herrather Kammeraden*innen jedes Jahr ein Osterfeuer ab, engagieren sich beim Maibaum- und Weihnachtsbaumaufstellen, richten die Feier zum Volkstrauertag mit aus, begleiten den Martinszug und stellen beim Dorffest die Brandsicherheitswache. (\u00f6ffnet in neuem Tab)\" href=\"http:\/\/www.mg-herrath.de\/home\/?page_id=2116\" target=\"_blank\">Maibaum<\/a>&#8211; und Weihnachtsbaumaufstellen, richten die Feier zum <a rel=\"noreferrer noopener\" aria-label=\"Neben den prim\u00e4ren Aufgaben geh\u00f6rt es auch zu den guten Gepflogenheiten einer Feuerwehr-Einheit, das Dorfleben aktiv mitzugestalten und zu unterst\u00fctzen. So brennen die Herrather Kammeraden*innen jedes Jahr ein Osterfeuer ab, engagieren sich beim Maibaum- und Weihnachtsbaumaufstellen, richten die Feier zum Volkstrauertag mit aus und begleiten den Martinszug . (\u00f6ffnet in neuem Tab)\" href=\"http:\/\/www.mg-herrath.de\/home\/?page_id=2042\" target=\"_blank\">Volkstrauertag<\/a> mit aus und begleiten den <a rel=\"noreferrer noopener\" aria-label=\"Neben den prim\u00e4ren Aufgaben geh\u00f6rt es auch zu den guten Gepflogenheiten einer Feuerwehr-Einheit, das Dorfleben aktiv mitzugestalten und zu unterst\u00fctzen. So brennen die Herrather Kammeraden*innen jedes Jahr ein Osterfeuer ab, engagieren sich beim Maibaum- und Weihnachtsbaumaufstellen, richten die Feier zum Volkstrauertag mit aus, begleiten den Martinszug und stellen beim Dorffest die Brandsicherheitswache. (\u00f6ffnet in neuem Tab)\" href=\"http:\/\/www.mg-herrath.de\/home\/?page_id=2017\" target=\"_blank\">Martinszug<\/a>.<\/p>\n\n\n\n<p>Zur Zeit stehen f\u00fcr euch 19 aktive Kammerad*innen an 365 Tagen im Jahr &#8211; Tag und Nacht &#8211; bereit. <br><\/p>\n\n\n\n<p>&nbsp;<br><\/p>\n","protected":false},"excerpt":{"rendered":"<p>Gott zur Ehr, dem N\u00e4chsten zur Wehr. Leitspruch der Feuerwehr Nach dem 1. Weltkrieg, im Jahr 1919, wurde die Freiwillige Feuerwehr Herrath gegr\u00fcndet. Seit 1975 sind sie die Freiwillige Feuerwehr M\u00f6nchengladbach &#8211; Einheit Herrath.Im jahr 1996 wurde das neue Ger\u00e4tehaus auf der Herrather Linde eingeweiht. Neben den prim\u00e4ren Aufgaben geh\u00f6rt es auch zu den guten [&hellip;]<\/p>\n","protected":false},"author":4,"featured_media":0,"parent":1886,"menu_order":10,"comment_status":"closed","ping_status":"closed","template":"","meta":{"spay_email":""},"jetpack_sharing_enabled":true,"jetpack_shortlink":"https:\/\/wp.me\/P6a3IJ-ut","_links":{"self":[{"href":"http:\/\/www.mg-herrath.de\/home\/index.php?rest_route=\/wp\/v2\/pages\/1889"}],"collection":[{"href":"http:\/\/www.mg-herrath.de\/home\/index.php?rest_route=\/wp\/v2\/pages"}],"about":[{"href":"http:\/\/www.mg-herrath.de\/home\/index.php?rest_route=\/wp\/v2\/types\/page"}],"author":[{"embeddable":true,"href":"http:\/\/www.mg-herrath.de\/home\/index.php?rest_route=\/wp\/v2\/users\/4"}],"replies":[{"embeddable":true,"href":"http:\/\/www.mg-herrath.de\/home\/index.php?rest_route=%2Fwp%2Fv2%2Fcomments&post=1889"}],"version-history":[{"count":22,"href":"http:\/\/www.mg-herrath.de\/home\/index.php?rest_route=\/wp\/v2\/pages\/1889\/revisions"}],"predecessor-version":[{"id":2846,"href":"http:\/\/www.mg-herrath.de\/home\/index.php?rest_route=\/wp\/v2\/pages\/1889\/revisions\/2846"}],"up":[{"embeddable":true,"href":"http:\/\/www.mg-herrath.de\/home\/index.php?rest_route=\/wp\/v2\/pages\/1886"}],"wp:attachment":[{"href":"http:\/\/www.mg-herrath.de\/home\/index.php?rest_route=%2Fwp%2Fv2%2Fmedia&parent=1889"}],"curies":[{"name":"wp","href":"https:\/\/api.w.org\/{rel}","templated":true}]}}