{"id":1894,"date":"2021-03-07T14:54:21","date_gmt":"2021-03-07T12:54:21","guid":{"rendered":"http:\/\/www.mg-herrath.de\/home\/?page_id=1894"},"modified":"2021-03-14T16:43:39","modified_gmt":"2021-03-14T14:43:39","slug":"kindergarten","status":"publish","type":"page","link":"http:\/\/www.mg-herrath.de\/home\/?page_id=1894","title":{"rendered":"Kindergarten"},"content":{"rendered":"\n<p>Seit mehr als 20 Jahren &#8211; genauer seit Oktober 1997 &#8211; befindet sich in der Seidenweberstrasse 83 die Kindertagesst\u00e4tte <em>Lummerland<\/em>. <br>Die Einrichtung hat Platz f\u00fcr ca. 30 Kinder. Die Betreuung der Kinder ab einem Alter von zwei Jahren bis zum Schuleintrittsalter findet in zwei Gruppen statt. <\/p>\n\n\n\n<p>Am besten stellt sich <em>Lummerland <\/em>mit &#8222;seinem&#8220; Lied vor:<\/p>\n\n\n\n<p>Eine Kita mit zwei Gruppen und \u00b4nem Garten ringsherum,<br>mit viel Spielzeug und \u00b4nem H\u00e4uschen ja da kann man sehr viel tun.<br>Nun wie mag die Kita hei\u00dfen, mit dem sch\u00f6nen gro\u00dfen Baum?<br>Jeder sollte sie mal sehen, denn hier gibt es viel zu schauen!<br><br>Diese Kita mit zwei Gruppen tr\u00e4gt den Namen &#8222;Lummerland&#8220;.<br>Viele lernten uns schon kennen und wir sind jetzt sehr bekannt.<br>Knete, Autos, Legosteine, Puppen und noch vieles mehr.<br>Es gibt vieles zu entdecken und man kommt gern wieder her!<br><br><\/p>\n\n\n\n<p>Mehr Informationen zur Kindertagest\u00e4tte Lummerland gibt es <a rel=\"noreferrer noopener\" aria-label=\"Mehr Informationen zur Kindertagest\u00e4tte Lummerland gibt es \nhier auf der Seite der Stadt M\u00f6nchengladbach.\n\ufffc\n (\u00f6ffnet in neuem Tab)\" href=\"https:\/\/moenchengladbach.kita-navigator.org\/kitas\/seidenweberstr-lummerland\/\" target=\"_blank\">hier<\/a> auf der Seite der Stadt M\u00f6nchengladbach.<br><a href=\"https:\/\/moenchengladbach.kita-navigator.org\/kitas\/seidenweberstr-lummerland\/\"><\/a><br><\/p>\n","protected":false},"excerpt":{"rendered":"<p>Seit mehr als 20 Jahren &#8211; genauer seit Oktober 1997 &#8211; befindet sich in der Seidenweberstrasse 83 die Kindertagesst\u00e4tte Lummerland. Die Einrichtung hat Platz f\u00fcr ca. 30 Kinder. Die Betreuung der Kinder ab einem Alter von zwei Jahren bis zum Schuleintrittsalter findet in zwei Gruppen statt. Am besten stellt sich Lummerland mit &#8222;seinem&#8220; Lied vor: [&hellip;]<\/p>\n","protected":false},"author":4,"featured_media":0,"parent":1886,"menu_order":50,"comment_status":"closed","ping_status":"closed","template":"page-templates\/front-page.php","meta":{"spay_email":""},"jetpack_sharing_enabled":true,"jetpack_shortlink":"https:\/\/wp.me\/P6a3IJ-uy","_links":{"self":[{"href":"http:\/\/www.mg-herrath.de\/home\/index.php?rest_route=\/wp\/v2\/pages\/1894"}],"collection":[{"href":"http:\/\/www.mg-herrath.de\/home\/index.php?rest_route=\/wp\/v2\/pages"}],"about":[{"href":"http:\/\/www.mg-herrath.de\/home\/index.php?rest_route=\/wp\/v2\/types\/page"}],"author":[{"embeddable":true,"href":"http:\/\/www.mg-herrath.de\/home\/index.php?rest_route=\/wp\/v2\/users\/4"}],"replies":[{"embeddable":true,"href":"http:\/\/www.mg-herrath.de\/home\/index.php?rest_route=%2Fwp%2Fv2%2Fcomments&post=1894"}],"version-history":[{"count":8,"href":"http:\/\/www.mg-herrath.de\/home\/index.php?rest_route=\/wp\/v2\/pages\/1894\/revisions"}],"predecessor-version":[{"id":2272,"href":"http:\/\/www.mg-herrath.de\/home\/index.php?rest_route=\/wp\/v2\/pages\/1894\/revisions\/2272"}],"up":[{"embeddable":true,"href":"http:\/\/www.mg-herrath.de\/home\/index.php?rest_route=\/wp\/v2\/pages\/1886"}],"wp:attachment":[{"href":"http:\/\/www.mg-herrath.de\/home\/index.php?rest_route=%2Fwp%2Fv2%2Fmedia&parent=1894"}],"curies":[{"name":"wp","href":"https:\/\/api.w.org\/{rel}","templated":true}]}}