{"id":1904,"date":"2021-03-07T15:35:41","date_gmt":"2021-03-07T13:35:41","guid":{"rendered":"http:\/\/www.mg-herrath.de\/home\/?page_id=1904"},"modified":"2022-10-27T16:19:37","modified_gmt":"2022-10-27T14:19:37","slug":"herrath","status":"publish","type":"page","link":"http:\/\/www.mg-herrath.de\/home\/?page_id=1904","title":{"rendered":"Herrath in Stichpunkten"},"content":{"rendered":"\n<p>Wir hoffen diese Informationen helfen Ihnen, sich in Herrath schnell einzuleben und wohlzuf\u00fchlen.<\/p>\n\n\n\n<ul><li>Herrath geh\u00f6rte fr\u00fcher zur Gemeinde Wickrath. Es wurde im Jahre 1975 eingemeindet. Zurzeit hat Herrath ca. 525 Einwohner in 181 Haushalten. <\/li><li>Das Dorf ist in verschiedene <a rel=\"noreferrer noopener\" aria-label=\"Herrath geh\u00f6rte fr\u00fcher zur Gemeinde Wickrath. Es wurde im Jahre 1975 eingemeindet. Zurzeit hat Herrath ca. 525 Einwohner in 181 Haushalten. \u2028Das Dorf ist in verschiedene Nachbarschaften aufgeteilt, so dass eine gegenseitige nachbarschaftliche Unterst\u00fctzung, z.B. bei Krankheiten oder Notf\u00e4llen, gew\u00e4hrleistet ist.\u00a0\u2028Container f\u00fcr Glas\u2013 und Papierabf\u00e4lle und Altkleidersammlung befindet sich vor dem Bahn\u00fcbergang am Bahnhof. \u2028Die Grundschule Beckrath liegt in unmittelbarer N\u00e4he \u2028Es gibt Direktverbindungen zur Real- und Hauptschule Wickrath und zur Gesamtschule Espenstrasse sowie zum Gymnasium Odenkirchen und Rheydt. \u2028Busverbindung Linie 16, nach Wickrath Fahrzeit ca. 25 min. Wochentags alle 40 min bis 21.00 Uhr Sonntag jede Stunde) Info an den Haltestellen. \u2028Von den urspr\u00fcnglich einmal sieben landwirtschaftlichen Betrieben gibt es in Herrath noch zwei. Ein Betrieb mit Rinderhaltung und ein weiterer mit Pferden.\u2028Der Heimatverein unterh\u00e4lt zwei Schauk\u00e4sten. Einer steht an der Seidenweberstra\u00dfe 40, und einer steht am Emil-Esser-Platz. Hier wird \u00fcber alles was im Dorf passiert informiert. Es k\u00f6nnen auch Informationen seitens der B\u00fcrger ausgeh\u00e4ngt werden. \u2028Herrath hat keinen Friedhof. Der evangelische Friedhof befindet sich in Wickrathberg, der katholische Friedhof in Venrath. \u2028Es gibt einen Kinderspielplatz, eine Tagesmutter, den st\u00e4dtischen Zwei-Gruppen Kindergarten\u201eLummerland\u201c und eine Einheit der Freiwilligen Feuerwehr M\u00f6nchengladbach.\u00a0 Weitere Informationen \u00fcber ortsans\u00e4ssige Vereine, Gewerbe und Aktivit\u00e4ten. (\u00f6ffnet in neuem Tab)\" href=\"http:\/\/www.mg-herrath.de\/home\/?page_id=2340\" target=\"_blank\">Nachbarschaften<\/a> aufgeteilt, so dass eine gegenseitige nachbarschaftliche Unterst\u00fctzung, z.B. bei Krankheiten oder Notf\u00e4llen, gew\u00e4hrleistet ist.\u00a0<\/li><li>Container f\u00fcr Glas\u2013 und Papierabf\u00e4lle und Altkleidersammlung befinden sich vor dem Bahn\u00fcbergang am Bahnhof. <\/li><li>Die <a rel=\"noreferrer noopener\" href=\"https:\/\/www.ggs-beckrath.de\/\" target=\"_blank\">Grundschule Beckrath<\/a> liegt in unmittelbarer N\u00e4he <\/li><li>Es gibt Direktverbindungen zur Real- und Hauptschule Wickrath und zur Gesamtschule Espenstrasse sowie zum Gymnasium Odenkirchen und Rheydt. <\/li><li>Busverbindung Linie 16, nach Wickrath Fahrzeit ca. 25 min. Wochentags alle 40 min bis 21.00 Uhr Sonntag jede Stunde. Infos an den Haltestellen. <\/li><li>Von den urspr\u00fcnglich einmal sieben landwirtschaftlichen Betrieben gibt es in Herrath noch zwei. Ein Betrieb mit Rinderhaltung und ein weiterer mit Pferden.<\/li><li>Der Heimatverein unterh\u00e4lt zwei Schauk\u00e4sten. Einer steht an der Seidenweberstra\u00dfe 40, und einer steht am Emil-Esser-Platz. Hier wird \u00fcber alles was im Dorf passiert informiert. Es k\u00f6nnen auch Informationen seitens der B\u00fcrger ausgeh\u00e4ngt werden. <\/li><li>Herrath hat keinen Friedhof. Der evangelische Friedhof befindet sich in Wickrathberg, der katholische Friedhof in Venrath. <\/li><li>Es gibt einen <a rel=\"noreferrer noopener\" aria-label=\"Herrath geh\u00f6rte fr\u00fcher zur Gemeinde Wickrath. Es wurde im Jahre 1975 eingemeindet. Zurzeit hat Herrath ca. 525 Einwohner in 181 Haushalten. \u2028Das Dorf ist in f\u00fcnf Nachbarschaften aufgeteilt, so dass eine gegenseitige nachbarschaftliche Unterst\u00fctzung, z.B. bei Krankheiten oder Notf\u00e4llen, gew\u00e4hrleistet ist.\u00a0\u2028Ein Containerplatz f\u00fcr Glas\u2013 und Papierabf\u00e4lle und Altkleidersammlung befindet sich vor dem Bahn\u00fcbergang am Bahnhof Herrath. \u2028Die Grundschule Beckrath liegt in unmittelbarer N\u00e4he \u2028Es gibt Direktverbindungen zur Real- und Hauptschule Wickrath und zur Gesamtschule Espenstrasse sowie zum Gymnasium Odenkirchen und Rheydt. \u2028Busverbindung Linie 16, nach Wickrath Fahrzeit ca. 25 min. Wochentags alle 40 min bis 21.00 Uhr Sonntag jede Stunde ) Info an den Haltestellen. \u2028Von den urspr\u00fcnglich einmal sieben landwirtschaftlichen Betrieben gibt es in Herrath noch zwei. Ein Betrieb mit Rinderhaltung und ein weiterer mit Pferden.\u2028Der Heimatverein unterh\u00e4lt zwei Schauk\u00e4sten. Einer steht an der Seidenweberstr 40, und einer steht am Emil-Esser-Platz. Hier wird \u00fcber alles was im Dorf passiert informiert. Es k\u00f6nnen auch Informationen seitens der B\u00fcrger ausgeh\u00e4ngt werden. \u2028Es gibt einen ev. Gottesdienst sonntags in der Begegnungsst\u00e4tte. \u2028Herrath hat keinen Friedhof. Der Evangelische Friedhof befindet sich in Wickrathberg, und der Katholische Friedhof in Venrath. \u2028Es gibt einen Kinderspielplatz, den st\u00e4dtischen Zwei-Gruppen Kindergarten \u201eLummerland\u201c und eine Einheit der Freiwilligen Feuerwehr M\u00f6nchengladbach.\u00a0 \u2028Weitere Informationen \u00fcber ortsans\u00e4ssige Vereine und Gewerbe.\nZur F\u00f6rderung des Gemeinschaftslebens haben wir in Herrath viele unterschiedliche\u00a0 Aktivit\u00e4ten.\n\u2028 (\u00f6ffnet in neuem Tab)\" href=\"http:\/\/www.mg-herrath.de\/home\/?page_id=2082\" target=\"_blank\">Kinderspielplatz<\/a>, eine Tagesmutter, den st\u00e4dtischen Zwei-Gruppen <a rel=\"noreferrer noopener\" href=\"http:\/\/www.mg-herrath.de\/home\/?page_id=1894\" target=\"_blank\">Kindergarten<\/a> \u201eLummerland\u201c und eine <a rel=\"noreferrer noopener\" aria-label=\"Herrath geh\u00f6rte fr\u00fcher zur Gemeinde Wickrath. Es wurde im Jahre 1975 eingemeindet. Zurzeit hat Herrath ca. 525 Einwohner in 181 Haushalten. \u2028Das Dorf ist in verschiedene Nachbarschaften aufgeteilt, so dass eine gegenseitige nachbarschaftliche Unterst\u00fctzung, z.B. bei Krankheiten oder Notf\u00e4llen, gew\u00e4hrleistet ist.\u00a0\u2028Container f\u00fcr Glas\u2013 und Papierabf\u00e4lle und Altkleidersammlung befinden sich vor dem Bahn\u00fcbergang am Bahnhof. \u2028Die Grundschule Beckrath liegt in unmittelbarer N\u00e4he \u2028Es gibt Direktverbindungen zur Real- und Hauptschule Wickrath und zur Gesamtschule Espenstrasse sowie zum Gymnasium Odenkirchen und Rheydt. \u2028Busverbindung Linie 16, nach Wickrath Fahrzeit ca. 25 min. Wochentags alle 40 min bis 21.00 Uhr Sonntag jede Stunde. Infos an den Haltestellen. \u2028Von den urspr\u00fcnglich einmal sieben landwirtschaftlichen Betrieben gibt es in Herrath noch zwei. Ein Betrieb mit Rinderhaltung und ein weiterer mit Pferden.\u2028Der Heimatverein unterh\u00e4lt zwei Schauk\u00e4sten. Einer steht an der Seidenweberstra\u00dfe 40, und einer steht am Emil-Esser-Platz. Hier wird \u00fcber alles was im Dorf passiert informiert. Es k\u00f6nnen auch Informationen seitens der B\u00fcrger ausgeh\u00e4ngt werden. \u2028Herrath hat keinen Friedhof. Der evangelische Friedhof befindet sich in Wickrathberg, der katholische Friedhof in Venrath. \u2028Es gibt einen Kinderspielplatz, eine Tagesmutter, den st\u00e4dtischen Zwei-Gruppen Kindergarten\u201eLummerland\u201c und eine Einheit der Freiwilligen Feuerwehr M\u00f6nchengladbach.\u00a0 Weitere Informationen \u00fcber ortsans\u00e4ssige Vereine, Gewerbe und Aktivit\u00e4ten. (\u00f6ffnet in neuem Tab)\" href=\"http:\/\/www.mg-herrath.de\/home\/?page_id=1889\" target=\"_blank\">Einheit<\/a> der Freiwilligen Feuerwehr M\u00f6nchengladbach.\u00a0 Weitere Informationen \u00fcber ortsans\u00e4ssige <a rel=\"noreferrer noopener\" aria-label=\"Herrath geh\u00f6rte fr\u00fcher zur Gemeinde Wickrath. Es wurde im Jahre 1975 eingemeindet. Zurzeit hat Herrath ca. 525 Einwohner in 181 Haushalten. \u2028Das Dorf ist in verschiedene Nachbarschaften aufgeteilt, so dass eine gegenseitige nachbarschaftliche Unterst\u00fctzung, z.B. bei Krankheiten oder Notf\u00e4llen, gew\u00e4hrleistet ist.\u00a0\u2028Container f\u00fcr Glas\u2013 und Papierabf\u00e4lle und Altkleidersammlung befindet sich vor dem Bahn\u00fcbergang am Bahnhof. \u2028Die Grundschule Beckrath liegt in unmittelbarer N\u00e4he \u2028Es gibt Direktverbindungen zur Real- und Hauptschule Wickrath und zur Gesamtschule Espenstrasse sowie zum Gymnasium Odenkirchen und Rheydt. \u2028Busverbindung Linie 16, nach Wickrath Fahrzeit ca. 25 min. Wochentags alle 40 min bis 21.00 Uhr Sonntag jede Stunde) Info an den Haltestellen. \u2028Von den urspr\u00fcnglich einmal sieben landwirtschaftlichen Betrieben gibt es in Herrath noch zwei. Ein Betrieb mit Rinderhaltung und ein weiterer mit Pferden.\u2028Der Heimatverein unterh\u00e4lt zwei Schauk\u00e4sten. Einer steht an der Seidenweberstra\u00dfe 40, und einer steht am Emil-Esser-Platz. Hier wird \u00fcber alles was im Dorf passiert informiert. Es k\u00f6nnen auch Informationen seitens der B\u00fcrger ausgeh\u00e4ngt werden. \u2028Herrath hat keinen Friedhof. Der evangelische Friedhof befindet sich in Wickrathberg, der katholische Friedhof in Venrath. \u2028Es gibt einen Kinderspielplatz, eine Tagesmutter, den st\u00e4dtischen Zwei-Gruppen Kindergarten\u201eLummerland\u201c und eine Einheit der Freiwilligen Feuerwehr M\u00f6nchengladbach.\u00a0 Weitere Informationen \u00fcber ortsans\u00e4ssige Vereine, Gewerbe und Aktivit\u00e4ten. (\u00f6ffnet in neuem Tab)\" href=\"http:\/\/www.mg-herrath.de\/home\/?page_id=1886\" target=\"_blank\">Vereine<\/a>, <a rel=\"noreferrer noopener\" aria-label=\"Herrath geh\u00f6rte fr\u00fcher zur Gemeinde Wickrath. Es wurde im Jahre 1975 eingemeindet. Zurzeit hat Herrath ca. 525 Einwohner in 181 Haushalten. \u2028Das Dorf ist in verschiedene Nachbarschaften aufgeteilt, so dass eine gegenseitige nachbarschaftliche Unterst\u00fctzung, z.B. bei Krankheiten oder Notf\u00e4llen, gew\u00e4hrleistet ist.\u00a0\u2028Container f\u00fcr Glas\u2013 und Papierabf\u00e4lle und Altkleidersammlung befinden sich vor dem Bahn\u00fcbergang am Bahnhof. \u2028Die Grundschule Beckrath liegt in unmittelbarer N\u00e4he \u2028Es gibt Direktverbindungen zur Real- und Hauptschule Wickrath und zur Gesamtschule Espenstrasse sowie zum Gymnasium Odenkirchen und Rheydt. \u2028Busverbindung Linie 16, nach Wickrath Fahrzeit ca. 25 min. Wochentags alle 40 min bis 21.00 Uhr Sonntag jede Stunde. Infos an den Haltestellen. \u2028Von den urspr\u00fcnglich einmal sieben landwirtschaftlichen Betrieben gibt es in Herrath noch zwei. Ein Betrieb mit Rinderhaltung und ein weiterer mit Pferden.\u2028Der Heimatverein unterh\u00e4lt zwei Schauk\u00e4sten. Einer steht an der Seidenweberstra\u00dfe 40, und einer steht am Emil-Esser-Platz. Hier wird \u00fcber alles was im Dorf passiert informiert. Es k\u00f6nnen auch Informationen seitens der B\u00fcrger ausgeh\u00e4ngt werden. \u2028Herrath hat keinen Friedhof. Der evangelische Friedhof befindet sich in Wickrathberg, der katholische Friedhof in Venrath. \u2028Es gibt einen Kinderspielplatz, eine Tagesmutter, den st\u00e4dtischen Zwei-Gruppen Kindergarten\u201eLummerland\u201c und eine Einheit der Freiwilligen Feuerwehr M\u00f6nchengladbach.\u00a0 Weitere Informationen \u00fcber ortsans\u00e4ssige Vereine, Gewerbe und Aktivit\u00e4ten. (\u00f6ffnet in neuem Tab)\" href=\"http:\/\/www.mg-herrath.de\/home\/?page_id=2095\" target=\"_blank\">Gewerbe<\/a>  und <a rel=\"noreferrer noopener\" aria-label=\"Herrath geh\u00f6rte fr\u00fcher zur Gemeinde Wickrath. Es wurde im Jahre 1975 eingemeindet. Zurzeit hat Herrath ca. 525 Einwohner in 181 Haushalten. \u2028Das Dorf ist in verschiedene Nachbarschaften aufgeteilt, so dass eine gegenseitige nachbarschaftliche Unterst\u00fctzung, z.B. bei Krankheiten oder Notf\u00e4llen, gew\u00e4hrleistet ist.\u00a0\u2028Container f\u00fcr Glas\u2013 und Papierabf\u00e4lle und Altkleidersammlung befindet sich vor dem Bahn\u00fcbergang am Bahnhof. \u2028Die Grundschule Beckrath liegt in unmittelbarer N\u00e4he \u2028Es gibt Direktverbindungen zur Real- und Hauptschule Wickrath und zur Gesamtschule Espenstrasse sowie zum Gymnasium Odenkirchen und Rheydt. \u2028Busverbindung Linie 16, nach Wickrath Fahrzeit ca. 25 min. Wochentags alle 40 min bis 21.00 Uhr Sonntag jede Stunde) Info an den Haltestellen. \u2028Von den urspr\u00fcnglich einmal sieben landwirtschaftlichen Betrieben gibt es in Herrath noch zwei. Ein Betrieb mit Rinderhaltung und ein weiterer mit Pferden.\u2028Der Heimatverein unterh\u00e4lt zwei Schauk\u00e4sten. Einer steht an der Seidenweberstra\u00dfe 40, und einer steht am Emil-Esser-Platz. Hier wird \u00fcber alles was im Dorf passiert informiert. Es k\u00f6nnen auch Informationen seitens der B\u00fcrger ausgeh\u00e4ngt werden. \u2028Herrath hat keinen Friedhof. Der evangelische Friedhof befindet sich in Wickrathberg, der katholische Friedhof in Venrath. \u2028Es gibt einen Kinderspielplatz, eine Tagesmutter, den st\u00e4dtischen Zwei-Gruppen Kindergarten\u201eLummerland\u201c und eine Einheit der Freiwilligen Feuerwehr M\u00f6nchengladbach.\u00a0 Weitere Informationen \u00fcber ortsans\u00e4ssige Vereine, Gewerbe und Aktivit\u00e4ten. (\u00f6ffnet in neuem Tab)\" href=\"http:\/\/www.mg-herrath.de\/home\/?page_id=1886\" target=\"_blank\">Aktivit\u00e4ten.<\/a><\/li><\/ul>\n\n\n\n<p class=\"has-white-background-color has-text-color has-background\" style=\"color:#e125d4\">Unser Dorf hat Zukunft. Hier funktioniert das Gemeinschaftsleben und Herrath ist ein idealer Standort zum Wohnen und Wohlf\u00fchlen. <\/p>\n","protected":false},"excerpt":{"rendered":"<p>Wir hoffen diese Informationen helfen Ihnen, sich in Herrath schnell einzuleben und wohlzuf\u00fchlen. Herrath geh\u00f6rte fr\u00fcher zur Gemeinde Wickrath. Es wurde im Jahre 1975 eingemeindet. Zurzeit hat Herrath ca. 525 Einwohner in 181 Haushalten. Das Dorf ist in verschiedene Nachbarschaften aufgeteilt, so dass eine gegenseitige nachbarschaftliche Unterst\u00fctzung, z.B. bei Krankheiten oder Notf\u00e4llen, gew\u00e4hrleistet ist.\u00a0 Container [&hellip;]<\/p>\n","protected":false},"author":4,"featured_media":0,"parent":1859,"menu_order":0,"comment_status":"closed","ping_status":"closed","template":"page-templates\/front-page.php","meta":{"spay_email":""},"jetpack_sharing_enabled":true,"jetpack_shortlink":"https:\/\/wp.me\/P6a3IJ-uI","_links":{"self":[{"href":"http:\/\/www.mg-herrath.de\/home\/index.php?rest_route=\/wp\/v2\/pages\/1904"}],"collection":[{"href":"http:\/\/www.mg-herrath.de\/home\/index.php?rest_route=\/wp\/v2\/pages"}],"about":[{"href":"http:\/\/www.mg-herrath.de\/home\/index.php?rest_route=\/wp\/v2\/types\/page"}],"author":[{"embeddable":true,"href":"http:\/\/www.mg-herrath.de\/home\/index.php?rest_route=\/wp\/v2\/users\/4"}],"replies":[{"embeddable":true,"href":"http:\/\/www.mg-herrath.de\/home\/index.php?rest_route=%2Fwp%2Fv2%2Fcomments&post=1904"}],"version-history":[{"count":38,"href":"http:\/\/www.mg-herrath.de\/home\/index.php?rest_route=\/wp\/v2\/pages\/1904\/revisions"}],"predecessor-version":[{"id":2663,"href":"http:\/\/www.mg-herrath.de\/home\/index.php?rest_route=\/wp\/v2\/pages\/1904\/revisions\/2663"}],"up":[{"embeddable":true,"href":"http:\/\/www.mg-herrath.de\/home\/index.php?rest_route=\/wp\/v2\/pages\/1859"}],"wp:attachment":[{"href":"http:\/\/www.mg-herrath.de\/home\/index.php?rest_route=%2Fwp%2Fv2%2Fmedia&parent=1904"}],"curies":[{"name":"wp","href":"https:\/\/api.w.org\/{rel}","templated":true}]}}