{"id":1949,"date":"2021-03-07T20:27:53","date_gmt":"2021-03-07T18:27:53","guid":{"rendered":"http:\/\/www.mg-herrath.de\/home\/?page_id=1949"},"modified":"2026-03-02T12:18:26","modified_gmt":"2026-03-02T10:18:26","slug":"termine-neu","status":"publish","type":"page","link":"http:\/\/www.mg-herrath.de\/home\/?page_id=1949","title":{"rendered":"Termine"},"content":{"rendered":"\n<h2 class=\"has-text-align-center\" id=\"2022\">2026<br><\/h2>\n\n\n\n<p><\/p>\n\n\n\n<figure class=\"wp-block-table is-style-stripes\"><table><tbody><tr><td class=\"has-text-align-left\" data-align=\"left\"><strong>Datum<\/strong><\/td><td><strong>Bezeichnung der Veranstaltung<\/strong><\/td><td><strong>Zeit<\/strong><\/td><td><strong>Ort \/ Treffpunkt<\/strong><\/td><\/tr><tr><td class=\"has-text-align-left\" data-align=\"left\">19.02.2026<\/td><td>Jahreshauptversammlung<\/td><td>19:30 Uhr<\/td><td>Begegnungsst\u00e4tte Christus K\u00f6nig<\/td><\/tr><tr><td class=\"has-text-align-left\" data-align=\"left\">14.03.2026<\/td><td>Fr\u00fchjahrsputz<\/td><td>10:00 Uhr<\/td><td>Am Emil-Esser-Platz<\/td><\/tr><tr><td class=\"has-text-align-left\" data-align=\"left\">04.04.2026<\/td><td><a href=\"http:\/\/www.mg-herrath.de\/home\/?page_id=2045\">Ostereiersammeln und Osterfeuer<\/a><\/td><td>17:00 Uhr<\/td><td>Am Emil-Esser-Platz<\/td><\/tr><tr><td class=\"has-text-align-left\" data-align=\"left\">30.04.2026<\/td><td>Tanz in den Mai<\/td><td><\/td><td>Am Emil-Esser-Platz<\/td><\/tr><tr><td class=\"has-text-align-left\" data-align=\"left\">03.07.2026<\/td><td>Aufbau Dorffest<\/td><td>16:00 Uhr<\/td><td>Am Emil-Esser-Platz<\/td><\/tr><tr><td class=\"has-text-align-left\" data-align=\"left\">04.07.2026<\/td><td><a rel=\"noreferrer noopener\" href=\"http:\/\/www.mg-herrath.de\/home\/?page_id=2038\" target=\"_blank\">Dorffest<\/a><\/td><td>19:00 Uhr<\/td><td>Am Emil-Esser-Platz<\/td><\/tr><tr><td class=\"has-text-align-left\" data-align=\"left\">05.07.2026<\/td><td>Kinderfest<\/td><td>11:00 Uhr<\/td><td>Am Emil-Esser-Platz<\/td><\/tr><tr><td class=\"has-text-align-left\" data-align=\"left\">06.07.2026<\/td><td>Abbau Dorffest<\/td><td>16:00 Uhr<\/td><td>Am Emil-Esser-Platz<\/td><\/tr><tr><td class=\"has-text-align-left\" data-align=\"left\">Termin folgt<\/td><td><a rel=\"noreferrer noopener\" href=\"http:\/\/www.mg-herrath.de\/home\/?page_id=2632\" target=\"_blank\">Fahrradtour<\/a><\/td><td><\/td><td><\/td><\/tr><tr><td class=\"has-text-align-left\" data-align=\"left\">24.10.2026<\/td><td><a rel=\"noreferrer noopener\" href=\"http:\/\/www.mg-herrath.de\/home\/?page_id=2034\" target=\"_blank\">Kirmescaf\u00e9<\/a><\/td><td>15:00 Uhr<\/td><td>Begegnungsst\u00e4tte Christus K\u00f6nig<\/td><\/tr><tr><td class=\"has-text-align-left\" data-align=\"left\">25.10.2026<\/td><td><a rel=\"noreferrer noopener\" href=\"http:\/\/www.mg-herrath.de\/home\/?page_id=2034\" target=\"_blank\">Hexen und Haxen Essen<\/a><\/td><td>11:00 Uhr<\/td><td>Begegnungsst\u00e4tte Christus K\u00f6nig<\/td><\/tr><tr><td class=\"has-text-align-left\" data-align=\"left\">02.11.2026<\/td><td><a rel=\"noreferrer noopener\" href=\"http:\/\/www.mg-herrath.de\/home\/?page_id=2017\" target=\"_blank\">St. Martin<\/a><\/td><td>18:00 Uhr<\/td><td>Ortseingang Herrath<\/td><\/tr><tr><td class=\"has-text-align-left\" data-align=\"left\">15.11.2026<\/td><td><a href=\"https:\/\/www.mg-herrath.de\/home\/wp-content\/uploads\/2021\/11\/Volkstrauertag.jpg\" data-type=\"attachment\" data-id=\"2457\" target=\"_blank\" rel=\"noreferrer noopener\">Volkstrauertag<\/a><\/td><td>11:30 Uhr<\/td><td>Seidenweberstrasse &#8211; Emil-Esser-Platz<\/td><\/tr><tr><td class=\"has-text-align-left\" data-align=\"left\">24.12.2026<\/td><td><a rel=\"noreferrer noopener\" href=\"http:\/\/www.mg-herrath.de\/home\/?page_id=2108\" target=\"_blank\">Weihnachtssingen<\/a><\/td><td>22:30 Uhr<\/td><td>Am Emil-Esser-Platz<\/td><\/tr><tr><td class=\"has-text-align-left\" data-align=\"left\">monatlich<\/td><td><a rel=\"noreferrer noopener\" href=\"http:\/\/www.mg-herrath.de\/home\/?page_id=2112\" target=\"_blank\">Spielenachmittag<\/a><\/td><td>15:00 Uhr (jeden 2. Donnerstag)<\/td><td>Begegnungsst\u00e4tte Christus K\u00f6nig<\/td><\/tr><tr><td class=\"has-text-align-left\" data-align=\"left\">ab April <\/td><td>Parkputz<\/td><td>10:00 Uhr (jeden 1. Samstag)<\/td><td>Am Emil-Esser-Platz<\/td><\/tr><\/tbody><\/table><\/figure>\n","protected":false},"excerpt":{"rendered":"<p>2026 Datum Bezeichnung der Veranstaltung Zeit Ort \/ Treffpunkt 19.02.2026 Jahreshauptversammlung 19:30 Uhr Begegnungsst\u00e4tte Christus K\u00f6nig 14.03.2026 Fr\u00fchjahrsputz 10:00 Uhr Am Emil-Esser-Platz 04.04.2026 Ostereiersammeln und Osterfeuer 17:00 Uhr Am Emil-Esser-Platz 30.04.2026 Tanz in den Mai Am Emil-Esser-Platz 03.07.2026 Aufbau Dorffest 16:00 Uhr Am Emil-Esser-Platz 04.07.2026 Dorffest 19:00 Uhr Am Emil-Esser-Platz 05.07.2026 Kinderfest 11:00 Uhr Am [&hellip;]<\/p>\n","protected":false},"author":4,"featured_media":0,"parent":1857,"menu_order":1,"comment_status":"closed","ping_status":"closed","template":"page-templates\/front-page.php","meta":{"spay_email":""},"jetpack_sharing_enabled":true,"jetpack_shortlink":"https:\/\/wp.me\/P6a3IJ-vr","_links":{"self":[{"href":"http:\/\/www.mg-herrath.de\/home\/index.php?rest_route=\/wp\/v2\/pages\/1949"}],"collection":[{"href":"http:\/\/www.mg-herrath.de\/home\/index.php?rest_route=\/wp\/v2\/pages"}],"about":[{"href":"http:\/\/www.mg-herrath.de\/home\/index.php?rest_route=\/wp\/v2\/types\/page"}],"author":[{"embeddable":true,"href":"http:\/\/www.mg-herrath.de\/home\/index.php?rest_route=\/wp\/v2\/users\/4"}],"replies":[{"embeddable":true,"href":"http:\/\/www.mg-herrath.de\/home\/index.php?rest_route=%2Fwp%2Fv2%2Fcomments&post=1949"}],"version-history":[{"count":76,"href":"http:\/\/www.mg-herrath.de\/home\/index.php?rest_route=\/wp\/v2\/pages\/1949\/revisions"}],"predecessor-version":[{"id":2859,"href":"http:\/\/www.mg-herrath.de\/home\/index.php?rest_route=\/wp\/v2\/pages\/1949\/revisions\/2859"}],"up":[{"embeddable":true,"href":"http:\/\/www.mg-herrath.de\/home\/index.php?rest_route=\/wp\/v2\/pages\/1857"}],"wp:attachment":[{"href":"http:\/\/www.mg-herrath.de\/home\/index.php?rest_route=%2Fwp%2Fv2%2Fmedia&parent=1949"}],"curies":[{"name":"wp","href":"https:\/\/api.w.org\/{rel}","templated":true}]}}