{"id":2017,"date":"2021-03-08T14:59:15","date_gmt":"2021-03-08T12:59:15","guid":{"rendered":"http:\/\/www.mg-herrath.de\/home\/?page_id=2017"},"modified":"2025-11-04T22:38:52","modified_gmt":"2025-11-04T20:38:52","slug":"st-martin","status":"publish","type":"page","link":"http:\/\/www.mg-herrath.de\/home\/?page_id=2017","title":{"rendered":"St. Martin"},"content":{"rendered":"\n<p>Am ersten Montag im November reitet der Heilige Mann <em>St. Martin<\/em>* durch unsere Stra\u00dfen. Viele Anwohner schm\u00fccken zuvor ihre H\u00e4user, Fenster und Vorg\u00e4rten mit Fackeln, Lichterketten und Kerzen. Da die Lieder im Kindergarten zuvor flei\u00dfig ge\u00fcbt werden, wird w\u00e4hrend des Zuges kr\u00e4ftig mitgesungen. Musikalisch begleitet wird der Zug von einer Blaskapelle. <br>Am Ende des Zuges findet die Auff\u00fchrung der Sankt Martinsgeschichte an einem gro\u00dfen Feuer statt. Und ganz zum Schluss bekommt jedes Herrather Kind eine gef\u00fcllte Martinst\u00fcte. Die Finanzierung wird mit einer Haussammlung im ganzen Ort sichergestellt. Die <a rel=\"noreferrer noopener\" aria-label=\"Am ersten Montag im November reitet der Heilige Mann St. Martin* durch unsere Stra\u00dfen. Viele Anwohner schm\u00fccken zuvor ihre H\u00e4user, Fenster und Vorg\u00e4rten mit Fackeln, Lichterketten und Kerzen. Da die Lieder im Kindergarten zuvor flei\u00dfig ge\u00fcbt werden, wird w\u00e4hrend des Zuges kr\u00e4ftig mitgesungen. Musikalisch begleitet wird der Zug von einer Blaskapelle. \nAm Ende des Zuges findet die Auff\u00fchrung der Sankt Martinsgeschichte an einem gro\u00dfen Feuer statt. Und ganz zum Schluss bekommt jedes Herrather Kind eine gef\u00fcllte Martinst\u00fcte. Die Finanzierung wird mit einer Haussammlung im ganzen Ort sichergestellt. F\u00fcr die Sicherheit und die Begleitung des Zuges sorgt jedes Jahr die Freiwillige Feuerwehr Herrath.\nF\u00fcr die Organisation sind Ruth Erhahon und Irmgard Barth und weitere Helfer*innen zust\u00e4ndig. Sie k\u00fcmmern sich um die Zugstrecke, um Sankt Martin* und die Kapelle. Sie kaufen die S\u00fc\u00dfigkeiten und Weckm\u00e4nner f\u00fcr die immer gut gef\u00fcllten Martinst\u00fcten und sorgen auch f\u00fcr die Ausgabe an die Kinder.\n (\u00f6ffnet in neuem Tab)\" href=\"http:\/\/www.mg-herrath.de\/home\/?page_id=1889\" target=\"_blank\">Freiwillige Feuerwehr Herrath<\/a> begleitet den Zug und stellt die Brandwache f\u00fcr das Martinsfeuer.<br>F\u00fcr die Organisation sind Diana London und Michele Dicken-Kivelitz und weitere Helfer*innen zust\u00e4ndig. Sie k\u00fcmmern sich um die Zugstrecke, um Sankt Martin* und die Kapelle. Sie kaufen die S\u00fc\u00dfigkeiten und Weckm\u00e4nner f\u00fcr die immer gut gef\u00fcllten Martinst\u00fcten und organisieren die Ausgabe an die Kinder.<br><\/p>\n\n\n\n<p style=\"font-size:12px\">*in Herrath schon seit Jahren eine Sankt Martina\n\n<\/p>\n","protected":false},"excerpt":{"rendered":"<p>Am ersten Montag im November reitet der Heilige Mann St. Martin* durch unsere Stra\u00dfen. Viele Anwohner schm\u00fccken zuvor ihre H\u00e4user, Fenster und Vorg\u00e4rten mit Fackeln, Lichterketten und Kerzen. Da die Lieder im Kindergarten zuvor flei\u00dfig ge\u00fcbt werden, wird w\u00e4hrend des Zuges kr\u00e4ftig mitgesungen. Musikalisch begleitet wird der Zug von einer Blaskapelle. Am Ende des Zuges [&hellip;]<\/p>\n","protected":false},"author":4,"featured_media":0,"parent":1857,"menu_order":45,"comment_status":"closed","ping_status":"closed","template":"","meta":{"spay_email":""},"jetpack_sharing_enabled":true,"jetpack_shortlink":"https:\/\/wp.me\/P6a3IJ-wx","_links":{"self":[{"href":"http:\/\/www.mg-herrath.de\/home\/index.php?rest_route=\/wp\/v2\/pages\/2017"}],"collection":[{"href":"http:\/\/www.mg-herrath.de\/home\/index.php?rest_route=\/wp\/v2\/pages"}],"about":[{"href":"http:\/\/www.mg-herrath.de\/home\/index.php?rest_route=\/wp\/v2\/types\/page"}],"author":[{"embeddable":true,"href":"http:\/\/www.mg-herrath.de\/home\/index.php?rest_route=\/wp\/v2\/users\/4"}],"replies":[{"embeddable":true,"href":"http:\/\/www.mg-herrath.de\/home\/index.php?rest_route=%2Fwp%2Fv2%2Fcomments&post=2017"}],"version-history":[{"count":10,"href":"http:\/\/www.mg-herrath.de\/home\/index.php?rest_route=\/wp\/v2\/pages\/2017\/revisions"}],"predecessor-version":[{"id":2847,"href":"http:\/\/www.mg-herrath.de\/home\/index.php?rest_route=\/wp\/v2\/pages\/2017\/revisions\/2847"}],"up":[{"embeddable":true,"href":"http:\/\/www.mg-herrath.de\/home\/index.php?rest_route=\/wp\/v2\/pages\/1857"}],"wp:attachment":[{"href":"http:\/\/www.mg-herrath.de\/home\/index.php?rest_route=%2Fwp%2Fv2%2Fmedia&parent=2017"}],"curies":[{"name":"wp","href":"https:\/\/api.w.org\/{rel}","templated":true}]}}