{"id":2032,"date":"2021-03-08T15:37:06","date_gmt":"2021-03-08T13:37:06","guid":{"rendered":"http:\/\/www.mg-herrath.de\/home\/?page_id=2032"},"modified":"2022-10-06T21:48:27","modified_gmt":"2022-10-06T19:48:27","slug":"brauchtumsfahrt-und-fahrradtour","status":"publish","type":"page","link":"http:\/\/www.mg-herrath.de\/home\/?page_id=2032","title":{"rendered":"Brauchtumsfahrt"},"content":{"rendered":"\n<p>J\u00e4hrlich treffen sich die Herrather*innen zur Brauchtumsfahrt. Hierf\u00fcr \u00fcberlegt der Vorstand des Heimatvereins sich immer wieder neue, spannende Ausflugsziele. So ging es bspw. 2018 auf Schl\u00f6ssertour.<br><br><br><br><br><\/p>\n","protected":false},"excerpt":{"rendered":"<p>J\u00e4hrlich treffen sich die Herrather*innen zur Brauchtumsfahrt. Hierf\u00fcr \u00fcberlegt der Vorstand des Heimatvereins sich immer wieder neue, spannende Ausflugsziele. So ging es bspw. 2018 auf Schl\u00f6ssertour.<\/p>\n","protected":false},"author":4,"featured_media":0,"parent":1857,"menu_order":10,"comment_status":"closed","ping_status":"closed","template":"","meta":{"spay_email":""},"jetpack_sharing_enabled":true,"jetpack_shortlink":"https:\/\/wp.me\/P6a3IJ-wM","_links":{"self":[{"href":"http:\/\/www.mg-herrath.de\/home\/index.php?rest_route=\/wp\/v2\/pages\/2032"}],"collection":[{"href":"http:\/\/www.mg-herrath.de\/home\/index.php?rest_route=\/wp\/v2\/pages"}],"about":[{"href":"http:\/\/www.mg-herrath.de\/home\/index.php?rest_route=\/wp\/v2\/types\/page"}],"author":[{"embeddable":true,"href":"http:\/\/www.mg-herrath.de\/home\/index.php?rest_route=\/wp\/v2\/users\/4"}],"replies":[{"embeddable":true,"href":"http:\/\/www.mg-herrath.de\/home\/index.php?rest_route=%2Fwp%2Fv2%2Fcomments&post=2032"}],"version-history":[{"count":7,"href":"http:\/\/www.mg-herrath.de\/home\/index.php?rest_route=\/wp\/v2\/pages\/2032\/revisions"}],"predecessor-version":[{"id":2631,"href":"http:\/\/www.mg-herrath.de\/home\/index.php?rest_route=\/wp\/v2\/pages\/2032\/revisions\/2631"}],"up":[{"embeddable":true,"href":"http:\/\/www.mg-herrath.de\/home\/index.php?rest_route=\/wp\/v2\/pages\/1857"}],"wp:attachment":[{"href":"http:\/\/www.mg-herrath.de\/home\/index.php?rest_route=%2Fwp%2Fv2%2Fmedia&parent=2032"}],"curies":[{"name":"wp","href":"https:\/\/api.w.org\/{rel}","templated":true}]}}