{"id":2034,"date":"2021-03-08T15:38:36","date_gmt":"2021-03-08T13:38:36","guid":{"rendered":"http:\/\/www.mg-herrath.de\/home\/?page_id=2034"},"modified":"2022-10-06T21:43:21","modified_gmt":"2022-10-06T19:43:21","slug":"seniorennachmittag-und-herbstkirmes","status":"publish","type":"page","link":"http:\/\/www.mg-herrath.de\/home\/?page_id=2034","title":{"rendered":"Kirmescaf\u00e9 und Herbstkirmes"},"content":{"rendered":"\n<p>Fr\u00fcher gab es in Herrath noch eine richtige Herbstkirmes.\u00a0<br>Um diese Tradition wenigstens im Kleinen aufrecht zu erhalten, wird heutzutage am letzten Wochenende im Oktober in der Begegnungsst\u00e4tte gefeiert.<br>Am Samstag laden wir zum Kirmescaf\u00e9. Bei Kaffee, Kuchen und manch kleiner \u00dcberraschung treffen sich alle zu einem geselligen Nachmittag. <br>Am Sonntag findet dann ein Fr\u00fchschoppen mit \u201eHexen\u201c f\u00fcr Jung und Alt statt.<br><\/p>\n","protected":false},"excerpt":{"rendered":"<p>Fr\u00fcher gab es in Herrath noch eine richtige Herbstkirmes.\u00a0Um diese Tradition wenigstens im Kleinen aufrecht zu erhalten, wird heutzutage am letzten Wochenende im Oktober in der Begegnungsst\u00e4tte gefeiert.Am Samstag laden wir zum Kirmescaf\u00e9. Bei Kaffee, Kuchen und manch kleiner \u00dcberraschung treffen sich alle zu einem geselligen Nachmittag. Am Sonntag findet dann ein Fr\u00fchschoppen mit \u201eHexen\u201c [&hellip;]<\/p>\n","protected":false},"author":4,"featured_media":0,"parent":1857,"menu_order":35,"comment_status":"closed","ping_status":"closed","template":"","meta":{"spay_email":""},"jetpack_sharing_enabled":true,"jetpack_shortlink":"https:\/\/wp.me\/P6a3IJ-wO","_links":{"self":[{"href":"http:\/\/www.mg-herrath.de\/home\/index.php?rest_route=\/wp\/v2\/pages\/2034"}],"collection":[{"href":"http:\/\/www.mg-herrath.de\/home\/index.php?rest_route=\/wp\/v2\/pages"}],"about":[{"href":"http:\/\/www.mg-herrath.de\/home\/index.php?rest_route=\/wp\/v2\/types\/page"}],"author":[{"embeddable":true,"href":"http:\/\/www.mg-herrath.de\/home\/index.php?rest_route=\/wp\/v2\/users\/4"}],"replies":[{"embeddable":true,"href":"http:\/\/www.mg-herrath.de\/home\/index.php?rest_route=%2Fwp%2Fv2%2Fcomments&post=2034"}],"version-history":[{"count":7,"href":"http:\/\/www.mg-herrath.de\/home\/index.php?rest_route=\/wp\/v2\/pages\/2034\/revisions"}],"predecessor-version":[{"id":2627,"href":"http:\/\/www.mg-herrath.de\/home\/index.php?rest_route=\/wp\/v2\/pages\/2034\/revisions\/2627"}],"up":[{"embeddable":true,"href":"http:\/\/www.mg-herrath.de\/home\/index.php?rest_route=\/wp\/v2\/pages\/1857"}],"wp:attachment":[{"href":"http:\/\/www.mg-herrath.de\/home\/index.php?rest_route=%2Fwp%2Fv2%2Fmedia&parent=2034"}],"curies":[{"name":"wp","href":"https:\/\/api.w.org\/{rel}","templated":true}]}}