{"id":2038,"date":"2021-03-08T15:54:37","date_gmt":"2021-03-08T13:54:37","guid":{"rendered":"http:\/\/www.mg-herrath.de\/home\/?page_id=2038"},"modified":"2023-07-22T00:02:14","modified_gmt":"2023-07-21T22:02:14","slug":"dorf-und-kinderfest","status":"publish","type":"page","link":"http:\/\/www.mg-herrath.de\/home\/?page_id=2038","title":{"rendered":"Dorf- und Kinderfest"},"content":{"rendered":"\n<p>Am sechsten Wochenende nach Pfingsten geht es auf dem Emil-Esser-Platz in Herrath heiter zu. Dann wird gefeiert.<\/p>\n\n\n\n<p>Wir beginnen am Samstag mit unserem Dorffest. Viele flei\u00dfige Helfer stellen tags zuvor bereits Pavillons auf. Unter diesen befinden sich Sitzgelegenheiten und f\u00fcr das leibliche Wohl wird hier ebenfalls gesorgt. Gefeiert wird bis sp\u00e4t in die Nacht mit Musik und Tanz. <\/p>\n\n\n\n<p>Am Sonntag sind dann die Kinder dran. Es gibt verschieden Spiele, z.B. das Bobbycar-Wettrennen oder die Wasserspritzenpumpe der Freiwilligen Feuerwehr Herrath.<\/p>\n\n\n\n<p>Neugierig geworden? <a href=\"http:\/\/www.mg-herrath.de\/home\/?page_id=2769\" target=\"_blank\" rel=\"noreferrer noopener\">Hier<\/a> gibt es Bilder vom Festwochenende 2023. <br><\/p>\n","protected":false},"excerpt":{"rendered":"<p>Am sechsten Wochenende nach Pfingsten geht es auf dem Emil-Esser-Platz in Herrath heiter zu. Dann wird gefeiert. Wir beginnen am Samstag mit unserem Dorffest. Viele flei\u00dfige Helfer stellen tags zuvor bereits Pavillons auf. Unter diesen befinden sich Sitzgelegenheiten und f\u00fcr das leibliche Wohl wird hier ebenfalls gesorgt. Gefeiert wird bis sp\u00e4t in die Nacht mit [&hellip;]<\/p>\n","protected":false},"author":4,"featured_media":0,"parent":1857,"menu_order":15,"comment_status":"closed","ping_status":"closed","template":"","meta":{"spay_email":""},"jetpack_sharing_enabled":true,"jetpack_shortlink":"https:\/\/wp.me\/P6a3IJ-wS","_links":{"self":[{"href":"http:\/\/www.mg-herrath.de\/home\/index.php?rest_route=\/wp\/v2\/pages\/2038"}],"collection":[{"href":"http:\/\/www.mg-herrath.de\/home\/index.php?rest_route=\/wp\/v2\/pages"}],"about":[{"href":"http:\/\/www.mg-herrath.de\/home\/index.php?rest_route=\/wp\/v2\/types\/page"}],"author":[{"embeddable":true,"href":"http:\/\/www.mg-herrath.de\/home\/index.php?rest_route=\/wp\/v2\/users\/4"}],"replies":[{"embeddable":true,"href":"http:\/\/www.mg-herrath.de\/home\/index.php?rest_route=%2Fwp%2Fv2%2Fcomments&post=2038"}],"version-history":[{"count":7,"href":"http:\/\/www.mg-herrath.de\/home\/index.php?rest_route=\/wp\/v2\/pages\/2038\/revisions"}],"predecessor-version":[{"id":2788,"href":"http:\/\/www.mg-herrath.de\/home\/index.php?rest_route=\/wp\/v2\/pages\/2038\/revisions\/2788"}],"up":[{"embeddable":true,"href":"http:\/\/www.mg-herrath.de\/home\/index.php?rest_route=\/wp\/v2\/pages\/1857"}],"wp:attachment":[{"href":"http:\/\/www.mg-herrath.de\/home\/index.php?rest_route=%2Fwp%2Fv2%2Fmedia&parent=2038"}],"curies":[{"name":"wp","href":"https:\/\/api.w.org\/{rel}","templated":true}]}}