{"id":2045,"date":"2021-03-08T16:19:02","date_gmt":"2021-03-08T14:19:02","guid":{"rendered":"http:\/\/www.mg-herrath.de\/home\/?page_id=2045"},"modified":"2021-05-14T22:04:39","modified_gmt":"2021-05-14T20:04:39","slug":"ostern","status":"publish","type":"page","link":"http:\/\/www.mg-herrath.de\/home\/?page_id=2045","title":{"rendered":"Ostern"},"content":{"rendered":"\n<p>Am Ostersamstag ist in Herrath was los. Genauer gesagt auf dem Emil-Esser-Platz. Hier haben die flei\u00dfigen Helfer des Osterhasens Eier und S\u00fc\u00dfigkeit versteckt, die die Kinder des Dorfes suchen d\u00fcrfen. Und das tun sie in gro\u00dfer Zahl. <br>Nach dem Eiersuchen geht es dann mit der ganzen Familie zum Osterfeuer. Dort lassen wir den Tag gemeinsam ausklingen. Nicht selten dauert dies bis sp\u00e4t in die Nacht. Ein besonderer Dank gilt hier der <a href=\"http:\/\/www.mg-herrath.de\/home\/?page_id=1889\" target=\"_blank\" rel=\"noreferrer noopener\" aria-label=\"Am Ostersamstag ist in Herrath was los. Genauer gesagt auf dem Emil-Esser-Platz. Hier haben die flei\u00dfigen Helfer des Osterhasens Eier und S\u00fc\u00dfigkeit versteckt, die die Kinder des Dorfes suchen d\u00fcrfen. Und das tun sie in gro\u00dfer Zahl. \nNach dem Eiersuchen geht es dann mit der ganzen Familie zum Osterfeuer. Dort lassen wir den Tag gemeinsam ausklingen. Nicht selten dauert dies bis sp\u00e4t in die Nacht. Ein besonderer Dank gilt hier der Freiwilligen Feuerwehr Herrath. Die Ortsgruppe sorgt f\u00fcr Speis &amp; Trank und daf\u00fcr, dass alle bedenkenlos feiern k\u00f6nnen. \n (\u00f6ffnet in neuem Tab)\">Freiwilligen Feuerwehr Herrath<\/a>. Die Ortsgruppe sorgt f\u00fcr Speis &amp; Trank und daf\u00fcr, dass alle bedenkenlos feiern k\u00f6nnen. <br><\/p>\n","protected":false},"excerpt":{"rendered":"<p>Am Ostersamstag ist in Herrath was los. Genauer gesagt auf dem Emil-Esser-Platz. Hier haben die flei\u00dfigen Helfer des Osterhasens Eier und S\u00fc\u00dfigkeit versteckt, die die Kinder des Dorfes suchen d\u00fcrfen. Und das tun sie in gro\u00dfer Zahl. Nach dem Eiersuchen geht es dann mit der ganzen Familie zum Osterfeuer. Dort lassen wir den Tag gemeinsam [&hellip;]<\/p>\n","protected":false},"author":4,"featured_media":2256,"parent":1857,"menu_order":30,"comment_status":"closed","ping_status":"closed","template":"page-templates\/front-page.php","meta":{"spay_email":""},"jetpack_sharing_enabled":true,"jetpack_shortlink":"https:\/\/wp.me\/P6a3IJ-wZ","_links":{"self":[{"href":"http:\/\/www.mg-herrath.de\/home\/index.php?rest_route=\/wp\/v2\/pages\/2045"}],"collection":[{"href":"http:\/\/www.mg-herrath.de\/home\/index.php?rest_route=\/wp\/v2\/pages"}],"about":[{"href":"http:\/\/www.mg-herrath.de\/home\/index.php?rest_route=\/wp\/v2\/types\/page"}],"author":[{"embeddable":true,"href":"http:\/\/www.mg-herrath.de\/home\/index.php?rest_route=\/wp\/v2\/users\/4"}],"replies":[{"embeddable":true,"href":"http:\/\/www.mg-herrath.de\/home\/index.php?rest_route=%2Fwp%2Fv2%2Fcomments&post=2045"}],"version-history":[{"count":7,"href":"http:\/\/www.mg-herrath.de\/home\/index.php?rest_route=\/wp\/v2\/pages\/2045\/revisions"}],"predecessor-version":[{"id":2393,"href":"http:\/\/www.mg-herrath.de\/home\/index.php?rest_route=\/wp\/v2\/pages\/2045\/revisions\/2393"}],"up":[{"embeddable":true,"href":"http:\/\/www.mg-herrath.de\/home\/index.php?rest_route=\/wp\/v2\/pages\/1857"}],"wp:featuredmedia":[{"embeddable":true,"href":"http:\/\/www.mg-herrath.de\/home\/index.php?rest_route=\/wp\/v2\/media\/2256"}],"wp:attachment":[{"href":"http:\/\/www.mg-herrath.de\/home\/index.php?rest_route=%2Fwp%2Fv2%2Fmedia&parent=2045"}],"curies":[{"name":"wp","href":"https:\/\/api.w.org\/{rel}","templated":true}]}}