{"id":2108,"date":"2021-03-08T23:00:35","date_gmt":"2021-03-08T21:00:35","guid":{"rendered":"http:\/\/www.mg-herrath.de\/home\/?page_id=2108"},"modified":"2021-03-11T21:58:45","modified_gmt":"2021-03-11T19:58:45","slug":"weihnachtssingen","status":"publish","type":"page","link":"http:\/\/www.mg-herrath.de\/home\/?page_id=2108","title":{"rendered":"Weihnachtssingen"},"content":{"rendered":"\n<p>Seit 1997 versammeln sich die Herrather B\u00fcrger*innen am sp\u00e4ten Heiligabend auf dem Emil-Esser-Platz zum Weihnachtssingen. Bei einer Tasse Gl\u00fchwein wird gemeinsam gesungen und gekl\u00f6nt. <br><\/p>\n\n\n\n<p><br><\/p>\n","protected":false},"excerpt":{"rendered":"<p>Seit 1997 versammeln sich die Herrather B\u00fcrger*innen am sp\u00e4ten Heiligabend auf dem Emil-Esser-Platz zum Weihnachtssingen. Bei einer Tasse Gl\u00fchwein wird gemeinsam gesungen und gekl\u00f6nt.<\/p>\n","protected":false},"author":4,"featured_media":0,"parent":1857,"menu_order":55,"comment_status":"closed","ping_status":"closed","template":"","meta":{"spay_email":""},"jetpack_sharing_enabled":true,"jetpack_shortlink":"https:\/\/wp.me\/P6a3IJ-y0","_links":{"self":[{"href":"http:\/\/www.mg-herrath.de\/home\/index.php?rest_route=\/wp\/v2\/pages\/2108"}],"collection":[{"href":"http:\/\/www.mg-herrath.de\/home\/index.php?rest_route=\/wp\/v2\/pages"}],"about":[{"href":"http:\/\/www.mg-herrath.de\/home\/index.php?rest_route=\/wp\/v2\/types\/page"}],"author":[{"embeddable":true,"href":"http:\/\/www.mg-herrath.de\/home\/index.php?rest_route=\/wp\/v2\/users\/4"}],"replies":[{"embeddable":true,"href":"http:\/\/www.mg-herrath.de\/home\/index.php?rest_route=%2Fwp%2Fv2%2Fcomments&post=2108"}],"version-history":[{"count":4,"href":"http:\/\/www.mg-herrath.de\/home\/index.php?rest_route=\/wp\/v2\/pages\/2108\/revisions"}],"predecessor-version":[{"id":2264,"href":"http:\/\/www.mg-herrath.de\/home\/index.php?rest_route=\/wp\/v2\/pages\/2108\/revisions\/2264"}],"up":[{"embeddable":true,"href":"http:\/\/www.mg-herrath.de\/home\/index.php?rest_route=\/wp\/v2\/pages\/1857"}],"wp:attachment":[{"href":"http:\/\/www.mg-herrath.de\/home\/index.php?rest_route=%2Fwp%2Fv2%2Fmedia&parent=2108"}],"curies":[{"name":"wp","href":"https:\/\/api.w.org\/{rel}","templated":true}]}}