{"id":2112,"date":"2021-03-08T23:03:50","date_gmt":"2021-03-08T21:03:50","guid":{"rendered":"http:\/\/www.mg-herrath.de\/home\/?page_id=2112"},"modified":"2022-10-27T16:06:11","modified_gmt":"2022-10-27T14:06:11","slug":"bingonachmittag","status":"publish","type":"page","link":"http:\/\/www.mg-herrath.de\/home\/?page_id=2112","title":{"rendered":"Spielenachmittag"},"content":{"rendered":"\n<p>Am 7. November 1985 veranstaltete der Heimatverein den ersten Spielenachmittag. <br>Bis heute hat sich am Ablauf des Nachmittags nur der Name ge\u00e4ndert. Nach gemeinsamen Kaffee- und Kuchenverzehr wird gespielt. <br><br>Gedacht ist dieser Nachmittag f\u00fcr jeden, der Zeit und Lust auf Geselligkeit hat. Hier wird gelacht, geplaudert und gespielt. Auch nicht Herrather und Herratherinnen sind herzlich willkommen. <\/p>\n\n\n\n<p>Wir treffen uns jeweils am <strong>zweiten Donnerstag im Monat ab 15 Uhr<\/strong> in der <a rel=\"noreferrer noopener\" href=\"http:\/\/www.mg-herrath.de\/home\/?page_id=2084\" target=\"_blank\">Begegnungsst\u00e4tte<\/a>.\u00a0 <br>Das Spiele-Team w\u00fcrde sich freuen, wenn es zum n\u00e4chsten Treffen auch neue Mitspieler begr\u00fc\u00dfen d\u00fcrfte. <br><br><\/p>\n","protected":false},"excerpt":{"rendered":"<p>Am 7. November 1985 veranstaltete der Heimatverein den ersten Spielenachmittag. Bis heute hat sich am Ablauf des Nachmittags nur der Name ge\u00e4ndert. Nach gemeinsamen Kaffee- und Kuchenverzehr wird gespielt. Gedacht ist dieser Nachmittag f\u00fcr jeden, der Zeit und Lust auf Geselligkeit hat. Hier wird gelacht, geplaudert und gespielt. Auch nicht Herrather und Herratherinnen sind herzlich [&hellip;]<\/p>\n","protected":false},"author":4,"featured_media":0,"parent":1857,"menu_order":40,"comment_status":"closed","ping_status":"closed","template":"","meta":{"spay_email":""},"jetpack_sharing_enabled":true,"jetpack_shortlink":"https:\/\/wp.me\/P6a3IJ-y4","_links":{"self":[{"href":"http:\/\/www.mg-herrath.de\/home\/index.php?rest_route=\/wp\/v2\/pages\/2112"}],"collection":[{"href":"http:\/\/www.mg-herrath.de\/home\/index.php?rest_route=\/wp\/v2\/pages"}],"about":[{"href":"http:\/\/www.mg-herrath.de\/home\/index.php?rest_route=\/wp\/v2\/types\/page"}],"author":[{"embeddable":true,"href":"http:\/\/www.mg-herrath.de\/home\/index.php?rest_route=\/wp\/v2\/users\/4"}],"replies":[{"embeddable":true,"href":"http:\/\/www.mg-herrath.de\/home\/index.php?rest_route=%2Fwp%2Fv2%2Fcomments&post=2112"}],"version-history":[{"count":10,"href":"http:\/\/www.mg-herrath.de\/home\/index.php?rest_route=\/wp\/v2\/pages\/2112\/revisions"}],"predecessor-version":[{"id":2660,"href":"http:\/\/www.mg-herrath.de\/home\/index.php?rest_route=\/wp\/v2\/pages\/2112\/revisions\/2660"}],"up":[{"embeddable":true,"href":"http:\/\/www.mg-herrath.de\/home\/index.php?rest_route=\/wp\/v2\/pages\/1857"}],"wp:attachment":[{"href":"http:\/\/www.mg-herrath.de\/home\/index.php?rest_route=%2Fwp%2Fv2%2Fmedia&parent=2112"}],"curies":[{"name":"wp","href":"https:\/\/api.w.org\/{rel}","templated":true}]}}