{"id":2122,"date":"2021-03-08T23:17:18","date_gmt":"2021-03-08T21:17:18","guid":{"rendered":"http:\/\/www.mg-herrath.de\/home\/?page_id=2122"},"modified":"2021-05-14T21:42:54","modified_gmt":"2021-05-14T19:42:54","slug":"bahnhof","status":"publish","type":"page","link":"http:\/\/www.mg-herrath.de\/home\/?page_id=2122","title":{"rendered":"Bahnhof"},"content":{"rendered":"\n<p>Der erste Personenzug lief aus Richtung Erkelenz am 01. Oktober 1887 um 6.32 Uhr in Herrath ein und verlie\u00df die Haltestelle in der gleichen Minute wieder. <br><\/p>\n\n\n\n<p>Auch heute noch hat Herrath direkten Anschluss nach: Wickrath, Erkelenz, M\u00f6nchengladbach, D\u00fcsseldorf, Aachen und Duisburg. Weitere Infos <a href=\"http:\/\/www.vrr.de\" target=\"_blank\" rel=\"noreferrer noopener\" aria-label=\"Auch heute noch hat Herrath direkten Anschluss nach: Wickrath, Erkelenz, M\u00f6nchengladbach, D\u00fcsseldorf, Aachen und Duisburg. Weitere Infos hier und an der Haltestelle.  (\u00f6ffnet in neuem Tab)\">hier<\/a> und an der Haltestelle. <\/p>\n","protected":false},"excerpt":{"rendered":"<p>Der erste Personenzug lief aus Richtung Erkelenz am 01. Oktober 1887 um 6.32 Uhr in Herrath ein und verlie\u00df die Haltestelle in der gleichen Minute wieder. Auch heute noch hat Herrath direkten Anschluss nach: Wickrath, Erkelenz, M\u00f6nchengladbach, D\u00fcsseldorf, Aachen und Duisburg. Weitere Infos hier und an der Haltestelle.<\/p>\n","protected":false},"author":4,"featured_media":2167,"parent":1886,"menu_order":20,"comment_status":"closed","ping_status":"closed","template":"","meta":{"spay_email":""},"jetpack_sharing_enabled":true,"jetpack_shortlink":"https:\/\/wp.me\/P6a3IJ-ye","_links":{"self":[{"href":"http:\/\/www.mg-herrath.de\/home\/index.php?rest_route=\/wp\/v2\/pages\/2122"}],"collection":[{"href":"http:\/\/www.mg-herrath.de\/home\/index.php?rest_route=\/wp\/v2\/pages"}],"about":[{"href":"http:\/\/www.mg-herrath.de\/home\/index.php?rest_route=\/wp\/v2\/types\/page"}],"author":[{"embeddable":true,"href":"http:\/\/www.mg-herrath.de\/home\/index.php?rest_route=\/wp\/v2\/users\/4"}],"replies":[{"embeddable":true,"href":"http:\/\/www.mg-herrath.de\/home\/index.php?rest_route=%2Fwp%2Fv2%2Fcomments&post=2122"}],"version-history":[{"count":3,"href":"http:\/\/www.mg-herrath.de\/home\/index.php?rest_route=\/wp\/v2\/pages\/2122\/revisions"}],"predecessor-version":[{"id":2391,"href":"http:\/\/www.mg-herrath.de\/home\/index.php?rest_route=\/wp\/v2\/pages\/2122\/revisions\/2391"}],"up":[{"embeddable":true,"href":"http:\/\/www.mg-herrath.de\/home\/index.php?rest_route=\/wp\/v2\/pages\/1886"}],"wp:featuredmedia":[{"embeddable":true,"href":"http:\/\/www.mg-herrath.de\/home\/index.php?rest_route=\/wp\/v2\/media\/2167"}],"wp:attachment":[{"href":"http:\/\/www.mg-herrath.de\/home\/index.php?rest_route=%2Fwp%2Fv2%2Fmedia&parent=2122"}],"curies":[{"name":"wp","href":"https:\/\/api.w.org\/{rel}","templated":true}]}}