{"id":2340,"date":"2021-04-29T17:02:49","date_gmt":"2021-04-29T15:02:49","guid":{"rendered":"http:\/\/www.mg-herrath.de\/home\/?page_id=2340"},"modified":"2021-04-29T17:04:10","modified_gmt":"2021-04-29T15:04:10","slug":"nachbarschaften","status":"publish","type":"page","link":"http:\/\/www.mg-herrath.de\/home\/?page_id=2340","title":{"rendered":"Nachbarschaften"},"content":{"rendered":"\n<p>Herrath ist in die Nachbarschaften <br><\/p>\n\n\n\n<p>1.\u00a0\u00a0\u00a0\u00a0\u00a0\u00a0\u00a0<em>Am Emil Esser Platz, Ringstra\u00dfe, Herrather Linde 1 + 3 + 66, 70, 72<br>2.\u00a0\u00a0\u00a0\u00a0\u00a0\u00a0\u00a0Mennekrather Weg, Am Rather Pfad, Singenpfad, Am Fuchspfad, Herrather Linde bis Emil Esser Platz<br>3.\u00a0\u00a0\u00a0\u00a0\u00a0\u00a0\u00a0Seidenweberstra\u00dfe bis Buchholzerweg<br>4.\u00a0\u00a0\u00a0\u00a0\u00a0\u00a0\u00a0Buchholzerweg, Seidenweberstra\u00dfe bis Bahnhof<br>5.\u00a0\u00a0\u00a0\u00a0\u00a0\u00a0\u00a0Seidenweberstra\u00dfe ab Bahnhof, Venrather Weg<\/em><\/p>\n\n\n\n<p>eingeteilt. Der Heimatverein sowie die Sterbenotgemeinschaft sammelt entsprechend dieser Einteilungen die Beitr\u00e4ge. So wird die Arbeit gut geteilt. Und: Man kennt sich. In Krankheit oder bei Notf\u00e4llen ist so auch immer Unterst\u00fctzung gew\u00e4hrleistet.<br><\/p>\n\n\n\n<p><br><\/p>\n\n\n\n<p><br><\/p>\n\n\n\n<p><br><\/p>\n\n\n\n<p><br><\/p>\n\n\n\n<p><br><\/p>\n","protected":false},"excerpt":{"rendered":"<p>Herrath ist in die Nachbarschaften 1.\u00a0\u00a0\u00a0\u00a0\u00a0\u00a0\u00a0Am Emil Esser Platz, Ringstra\u00dfe, Herrather Linde 1 + 3 + 66, 70, 722.\u00a0\u00a0\u00a0\u00a0\u00a0\u00a0\u00a0Mennekrather Weg, Am Rather Pfad, Singenpfad, Am Fuchspfad, Herrather Linde bis Emil Esser Platz3.\u00a0\u00a0\u00a0\u00a0\u00a0\u00a0\u00a0Seidenweberstra\u00dfe bis Buchholzerweg4.\u00a0\u00a0\u00a0\u00a0\u00a0\u00a0\u00a0Buchholzerweg, Seidenweberstra\u00dfe bis Bahnhof5.\u00a0\u00a0\u00a0\u00a0\u00a0\u00a0\u00a0Seidenweberstra\u00dfe ab Bahnhof, Venrather Weg eingeteilt. Der Heimatverein sowie die Sterbenotgemeinschaft sammelt entsprechend dieser Einteilungen die Beitr\u00e4ge. So wird [&hellip;]<\/p>\n","protected":false},"author":4,"featured_media":0,"parent":1886,"menu_order":70,"comment_status":"closed","ping_status":"closed","template":"","meta":{"spay_email":""},"jetpack_sharing_enabled":true,"jetpack_shortlink":"https:\/\/wp.me\/P6a3IJ-BK","_links":{"self":[{"href":"http:\/\/www.mg-herrath.de\/home\/index.php?rest_route=\/wp\/v2\/pages\/2340"}],"collection":[{"href":"http:\/\/www.mg-herrath.de\/home\/index.php?rest_route=\/wp\/v2\/pages"}],"about":[{"href":"http:\/\/www.mg-herrath.de\/home\/index.php?rest_route=\/wp\/v2\/types\/page"}],"author":[{"embeddable":true,"href":"http:\/\/www.mg-herrath.de\/home\/index.php?rest_route=\/wp\/v2\/users\/4"}],"replies":[{"embeddable":true,"href":"http:\/\/www.mg-herrath.de\/home\/index.php?rest_route=%2Fwp%2Fv2%2Fcomments&post=2340"}],"version-history":[{"count":1,"href":"http:\/\/www.mg-herrath.de\/home\/index.php?rest_route=\/wp\/v2\/pages\/2340\/revisions"}],"predecessor-version":[{"id":2341,"href":"http:\/\/www.mg-herrath.de\/home\/index.php?rest_route=\/wp\/v2\/pages\/2340\/revisions\/2341"}],"up":[{"embeddable":true,"href":"http:\/\/www.mg-herrath.de\/home\/index.php?rest_route=\/wp\/v2\/pages\/1886"}],"wp:attachment":[{"href":"http:\/\/www.mg-herrath.de\/home\/index.php?rest_route=%2Fwp%2Fv2%2Fmedia&parent=2340"}],"curies":[{"name":"wp","href":"https:\/\/api.w.org\/{rel}","templated":true}]}}