{"id":2361,"date":"2021-05-02T16:47:40","date_gmt":"2021-05-02T14:47:40","guid":{"rendered":"http:\/\/www.mg-herrath.de\/home\/?page_id=2361"},"modified":"2024-03-26T15:20:22","modified_gmt":"2024-03-26T13:20:22","slug":"der-dhv-informiert","status":"publish","type":"page","link":"http:\/\/www.mg-herrath.de\/home\/?page_id=2361","title":{"rendered":"Der Verein f\u00fcr Heimat- und Denkmalpflege informiert"},"content":{"rendered":"\n<div class=\"wp-block-file\"><a id=\"wp-block-file--media-1934e92b-7004-4c20-8507-03e5baf50925\" href=\"http:\/\/www.mg-herrath.de\/home\/wp-content\/uploads\/2021\/05\/Anschreiben_Heimatverein_April_2021.pdf\">Anschreiben_Heimatverein_April_2021<\/a><a href=\"http:\/\/www.mg-herrath.de\/home\/wp-content\/uploads\/2021\/05\/Anschreiben_Heimatverein_April_2021.pdf\" class=\"wp-block-file__button wp-element-button\" download aria-describedby=\"wp-block-file--media-1934e92b-7004-4c20-8507-03e5baf50925\">Herunterladen<\/a><\/div>\n\n\n\n<figure class=\"wp-block-image is-resized\"><img loading=\"lazy\" src=\"http:\/\/www.mg-herrath.de\/home\/wp-content\/uploads\/2021\/05\/Logo_DHV.png\" alt=\"\" class=\"wp-image-2363\" width=\"602\" height=\"203\" srcset=\"http:\/\/www.mg-herrath.de\/home\/wp-content\/uploads\/2021\/05\/Logo_DHV.png 407w, http:\/\/www.mg-herrath.de\/home\/wp-content\/uploads\/2021\/05\/Logo_DHV-300x101.png 300w\" sizes=\"(max-width: 602px) 100vw, 602px\" \/><\/figure>\n\n\n\n<p>Liebes Mitglied,\u00a0\u00a0\u00a0\u00a0\u00a0\u00a0\u00a0\u00a0\u00a0\u00a0\u00a0\u00a0\u00a0\u00a0\u00a0\u00a0\u00a0\u00a0\u00a0\u00a0\u00a0\u00a0\u00a0\u00a0\u00a0 \u00a0 \u00a0 \u00a0 \u00a0 \u00a0 \u00a0 \u00a0 \u00a0 \u00a0 \u00a0 \u00a0 \u00a0 \u00a0 \u00a0 \u00a0 \u00a0 \u00a0 \u00a0 \u00a0 \u00a0 \u00a0 \u00a0 \u00a0 \u00a0 \u00a0 \u00a0 \u00a0 \u00a0\u00a0\u00a0\u00a0\u00a0\u00a0 Herrath, im M\u00e4rz 2024<br><\/p>\n\n\n\n<p>wir m\u00f6chten hier \u00fcber Neuigkeiten im Verein und in Herrath informieren. <br><\/p>\n\n\n\n<ul><li><strong>Wahl des Vorstandes<\/strong><\/li><\/ul>\n\n\n\n<p>In der Jahreshauptversammlung am 14. M\u00e4rz 2024 wurden folgende Vorstandsmitglieder (wieder)gew\u00e4hlt:<br>1. Vorsitzende: Hilde Zettl <br>2. Vorsitzender: Marcus Schmelzer<br>1. Kassiererin: Steffie Steckel<br>1. Schriftf\u00fchrer: J\u00f6rg Wermuth<br>2. Schriftf\u00fchrerin: Michele Dicken (neu)<br>Beisitzerin: Doris Paulussen- Heck<br>Beisitzer: Volker Schrey (neu)<br>Beisitzer: Frank Viand (neu)<\/p>\n\n\n\n<p>Wie bedanken uns bei den ausscheidenden Vorstandsmitgliedern Dagmar H\u00f6ing und Catarina Flenker f\u00fcr die gute Zusammenarbeit.<br><\/p>\n\n\n\n<ul><li><strong>Internetauftritt<\/strong><\/li><\/ul>\n\n\n\n<p>Die Homepage <a href=\"http:\/\/www.mg-herrath.de\">www.mg-herrath.de<\/a> ist wieder online und freut sich \u00fcber einen Besuch. Hier werden wir regelm\u00e4\u00dfig \u00fcber Aktuelles und Termine in Herrath informieren.<\/p>\n\n\n\n<p>F\u00fcr Fragen oder Anregungen stehen alle Mitglieder des Vorstandes jederzeit gerne zur Verf\u00fcgung.<\/p>\n\n\n\n<p>Es gr\u00fc\u00dft freundlich<\/p>\n\n\n\n<p>Der Vorstand<\/p>\n\n\n<p><!--EndFragment--><\/p>\n<p><\/p>","protected":false},"excerpt":{"rendered":"<p>Liebes Mitglied,\u00a0\u00a0\u00a0\u00a0\u00a0\u00a0\u00a0\u00a0\u00a0\u00a0\u00a0\u00a0\u00a0\u00a0\u00a0\u00a0\u00a0\u00a0\u00a0\u00a0\u00a0\u00a0\u00a0\u00a0\u00a0 \u00a0 \u00a0 \u00a0 \u00a0 \u00a0 \u00a0 \u00a0 \u00a0 \u00a0 \u00a0 \u00a0 \u00a0 \u00a0 \u00a0 \u00a0 \u00a0 \u00a0 \u00a0 \u00a0 \u00a0 \u00a0 \u00a0 \u00a0 \u00a0 \u00a0 \u00a0 \u00a0 \u00a0\u00a0\u00a0\u00a0\u00a0\u00a0 Herrath, im M\u00e4rz 2024 wir m\u00f6chten hier \u00fcber Neuigkeiten im Verein und in Herrath informieren. Wahl des Vorstandes In der Jahreshauptversammlung am 14. M\u00e4rz 2024 [&hellip;]<\/p>\n","protected":false},"author":4,"featured_media":0,"parent":1855,"menu_order":30,"comment_status":"closed","ping_status":"closed","template":"","meta":{"spay_email":""},"jetpack_sharing_enabled":true,"jetpack_shortlink":"https:\/\/wp.me\/P6a3IJ-C5","_links":{"self":[{"href":"http:\/\/www.mg-herrath.de\/home\/index.php?rest_route=\/wp\/v2\/pages\/2361"}],"collection":[{"href":"http:\/\/www.mg-herrath.de\/home\/index.php?rest_route=\/wp\/v2\/pages"}],"about":[{"href":"http:\/\/www.mg-herrath.de\/home\/index.php?rest_route=\/wp\/v2\/types\/page"}],"author":[{"embeddable":true,"href":"http:\/\/www.mg-herrath.de\/home\/index.php?rest_route=\/wp\/v2\/users\/4"}],"replies":[{"embeddable":true,"href":"http:\/\/www.mg-herrath.de\/home\/index.php?rest_route=%2Fwp%2Fv2%2Fcomments&post=2361"}],"version-history":[{"count":9,"href":"http:\/\/www.mg-herrath.de\/home\/index.php?rest_route=\/wp\/v2\/pages\/2361\/revisions"}],"predecessor-version":[{"id":2821,"href":"http:\/\/www.mg-herrath.de\/home\/index.php?rest_route=\/wp\/v2\/pages\/2361\/revisions\/2821"}],"up":[{"embeddable":true,"href":"http:\/\/www.mg-herrath.de\/home\/index.php?rest_route=\/wp\/v2\/pages\/1855"}],"wp:attachment":[{"href":"http:\/\/www.mg-herrath.de\/home\/index.php?rest_route=%2Fwp%2Fv2%2Fmedia&parent=2361"}],"curies":[{"name":"wp","href":"https:\/\/api.w.org\/{rel}","templated":true}]}}