{"id":88,"date":"2014-05-26T22:23:08","date_gmt":"2014-05-26T20:23:08","guid":{"rendered":"http:\/\/www.mg-herrath.de\/home\/?page_id=88"},"modified":"2023-07-21T19:13:44","modified_gmt":"2023-07-21T17:13:44","slug":"doerpvertell","status":"publish","type":"page","link":"http:\/\/www.mg-herrath.de\/home\/?page_id=88","title":{"rendered":"D\u00f6rpvertell (2013-2018)"},"content":{"rendered":"<h4>Herrather Dorfzeitung<\/h4>\n<p>Zum \u00d6ffnen klicken Sie bitte auf einen d\u00f6rpvertell.<\/p>\n<p>Zum Lesen ben\u00f6tigen Sie Adobe Reader, diesen k\u00f6nnen Sie <a title=\"Adobe Reader\" href=\"https:\/\/get.adobe.com\/de\/reader\/\" target=\"_blank\" rel=\"noopener\">hier<\/a> herunterladen und installieren.<\/p>\n<p><a href=\"http:\/\/www.mg-herrath.de\/home\/wp-content\/uploads\/2018\/11\/Doerpvertell_75_WEB.pdf\" rel=\"attachment wp-att-1575\"><img loading=\"lazy\" class=\"size-full wp-image-1575 alignnone\" src=\"http:\/\/www.mg-herrath.de\/home\/wp-content\/uploads\/2018\/11\/Doerpvertell_75.jpg\" alt=\"Doerpvertell 11\/2018\" width=\"211\" height=\"299\" \/><\/a> \u00a0 \u00a0 <a href=\"http:\/\/www.mg-herrath.de\/home\/wp-content\/uploads\/2018\/04\/doerpvertell_74_WEB.pdf\" rel=\"attachment wp-att-1575\"><img loading=\"lazy\" class=\"size-full wp-image-1575 alignnone\" src=\"http:\/\/www.mg-herrath.de\/home\/wp-content\/uploads\/2018\/04\/doerpvertell_74_WEB.jpg\" alt=\"Doerpvertell042018\" width=\"211\" height=\"299\" \/><\/a><a href=\"http:\/\/www.mg-herrath.de\/home\/wp-content\/uploads\/2017\/11\/doerpvertell_73_WEB.pdf\" rel=\"attachment wp-att-1575\"><img loading=\"lazy\" class=\"size-full wp-image-1575 alignnone\" src=\"http:\/\/www.mg-herrath.de\/home\/wp-content\/uploads\/2017\/04\/doerpvertell_73.jpg\" alt=\"Doerpvertell112017\" width=\"211\" height=\"299\" \/><\/a> \u00a0 \u00a0 <a href=\"http:\/\/www.mg-herrath.de\/home\/wp-content\/uploads\/2017\/04\/doerpvertell_72.pdf\" rel=\"attachment wp-att-1575\"><img loading=\"lazy\" class=\"size-full wp-image-1575 alignnone\" src=\"http:\/\/www.mg-herrath.de\/home\/wp-content\/uploads\/2017\/04\/doerpvertell_72.jpg\" alt=\"Doerpvertell112016\" width=\"211\" height=\"299\" \/><\/a>\u00a0 <a href=\"http:\/\/www.mg-herrath.de\/home\/wp-content\/uploads\/2016\/11\/doerpvertell_71_Web.pdf\" rel=\"attachment wp-att-1575\"><img loading=\"lazy\" class=\"size-full wp-image-1575 alignnone\" src=\"http:\/\/www.mg-herrath.de\/home\/wp-content\/uploads\/2016\/11\/doerpvertell_71_Web-1.jpg\" alt=\"Doerpvertell112016\" width=\"211\" height=\"299\" \/><\/a>\u00a0\u00a0 \u00a0 <a href=\"http:\/\/www.mg-herrath.de\/home\/wp-content\/uploads\/2016\/04\/Doerpvertell042016.pdf\" rel=\"attachment wp-att-1575\"><img loading=\"lazy\" class=\"size-full wp-image-1575 alignnone\" src=\"http:\/\/www.mg-herrath.de\/home\/wp-content\/uploads\/2014\/05\/Doerpvertell042016.jpg\" alt=\"Doerpvertell042016\" width=\"211\" height=\"299\" \/><\/a>\u00a0 <a href=\"http:\/\/www.mg-herrath.de\/home\/wp-content\/uploads\/2015\/11\/doerpvertell112015.pdf\"><img loading=\"lazy\" class=\"wp-image-1545 size-medium alignnone\" src=\"http:\/\/www.mg-herrath.de\/home\/wp-content\/uploads\/2015\/11\/doerpvertell112015.jpg\" alt=\"doerpvertell112015\" width=\"211\" height=\"300\" \/><\/a>\u00a0\u00a0 \u00a0\u00a0<a href=\"http:\/\/www.mg-herrath.de\/home\/wp-content\/uploads\/2015\/05\/doerpvertell042015.pdf\"><img loading=\"lazy\" class=\" wp-image-1545 size-medium alignnone\" src=\"http:\/\/www.mg-herrath.de\/home\/wp-content\/uploads\/2014\/05\/doerpvertell0420151-211x300.jpg\" alt=\"doerpvertell042015\" width=\"211\" height=\"300\" \/><\/a>\u00a0 <a href=\"http:\/\/www.mg-herrath.de\/home\/wp-content\/uploads\/2014\/05\/doerpvertell_11_2014.pdf\"><img loading=\"lazy\" class=\" wp-image-90 alignnone\" src=\"http:\/\/www.mg-herrath.de\/home\/wp-content\/uploads\/2014\/12\/doerpvertell_11_2014-front.jpg\" alt=\"doerpvertell-1\" width=\"211\" height=\"300\" \/><\/a>\u00a0 \u00a0 \u00a0<a href=\"http:\/\/www.mg-herrath.de\/home\/wp-content\/uploads\/2014\/05\/doerpvertell042014.pdf\"><img loading=\"lazy\" class=\"alignnone wp-image-90 size-medium\" src=\"http:\/\/www.mg-herrath.de\/home\/wp-content\/uploads\/2014\/05\/doerpvertell-1-211x300.jpg\" alt=\"doerpvertell-1\" width=\"211\" height=\"300\" srcset=\"http:\/\/www.mg-herrath.de\/home\/wp-content\/uploads\/2014\/05\/doerpvertell-1-211x300.jpg 211w, http:\/\/www.mg-herrath.de\/home\/wp-content\/uploads\/2014\/05\/doerpvertell-1.jpg 420w\" sizes=\"(max-width: 211px) 100vw, 211px\" \/><\/a>\u00a0 <a href=\"http:\/\/www.mg-herrath.de\/home\/wp-content\/uploads\/2014\/05\/doerpvertell112013.pdf\"><img loading=\"lazy\" class=\"alignnone wp-image-93 size-medium\" src=\"http:\/\/www.mg-herrath.de\/home\/wp-content\/uploads\/2014\/05\/doerpvertell_11_2013-211x300.jpg\" alt=\"doerpvertell_11_2013\" width=\"211\" height=\"300\" srcset=\"http:\/\/www.mg-herrath.de\/home\/wp-content\/uploads\/2014\/05\/doerpvertell_11_2013-211x300.jpg 211w, http:\/\/www.mg-herrath.de\/home\/wp-content\/uploads\/2014\/05\/doerpvertell_11_2013.jpg 420w\" sizes=\"(max-width: 211px) 100vw, 211px\" \/> <\/a><\/p>\n<p>Sollten Sie Interesse an \u00e4lteren d\u00f6rpvertells haben, schreiben Sie uns. Wir werden Ihnen diese dann zur Verf\u00fcgung stellen.<\/p>\n","protected":false},"excerpt":{"rendered":"<p>Herrather Dorfzeitung Zum \u00d6ffnen klicken Sie bitte auf einen d\u00f6rpvertell. Zum Lesen ben\u00f6tigen Sie Adobe Reader, diesen k\u00f6nnen Sie hier herunterladen und installieren. \u00a0 \u00a0 \u00a0 \u00a0 \u00a0 \u00a0\u00a0 \u00a0 \u00a0 \u00a0\u00a0 \u00a0\u00a0\u00a0 \u00a0 \u00a0 \u00a0\u00a0 Sollten Sie Interesse an \u00e4lteren d\u00f6rpvertells haben, schreiben Sie uns. Wir werden Ihnen diese dann zur Verf\u00fcgung stellen.<\/p>\n","protected":false},"author":1,"featured_media":0,"parent":1985,"menu_order":30,"comment_status":"closed","ping_status":"closed","template":"","meta":{"spay_email":""},"jetpack_sharing_enabled":true,"jetpack_shortlink":"https:\/\/wp.me\/P6a3IJ-1q","_links":{"self":[{"href":"http:\/\/www.mg-herrath.de\/home\/index.php?rest_route=\/wp\/v2\/pages\/88"}],"collection":[{"href":"http:\/\/www.mg-herrath.de\/home\/index.php?rest_route=\/wp\/v2\/pages"}],"about":[{"href":"http:\/\/www.mg-herrath.de\/home\/index.php?rest_route=\/wp\/v2\/types\/page"}],"author":[{"embeddable":true,"href":"http:\/\/www.mg-herrath.de\/home\/index.php?rest_route=\/wp\/v2\/users\/1"}],"replies":[{"embeddable":true,"href":"http:\/\/www.mg-herrath.de\/home\/index.php?rest_route=%2Fwp%2Fv2%2Fcomments&post=88"}],"version-history":[{"count":62,"href":"http:\/\/www.mg-herrath.de\/home\/index.php?rest_route=\/wp\/v2\/pages\/88\/revisions"}],"predecessor-version":[{"id":2729,"href":"http:\/\/www.mg-herrath.de\/home\/index.php?rest_route=\/wp\/v2\/pages\/88\/revisions\/2729"}],"up":[{"embeddable":true,"href":"http:\/\/www.mg-herrath.de\/home\/index.php?rest_route=\/wp\/v2\/pages\/1985"}],"wp:attachment":[{"href":"http:\/\/www.mg-herrath.de\/home\/index.php?rest_route=%2Fwp%2Fv2%2Fmedia&parent=88"}],"curies":[{"name":"wp","href":"https:\/\/api.w.org\/{rel}","templated":true}]}}