{"id":981,"date":"2014-08-13T18:02:11","date_gmt":"2014-08-13T16:02:11","guid":{"rendered":"http:\/\/www.mg-herrath.de\/home\/?page_id=981"},"modified":"2022-10-27T16:13:37","modified_gmt":"2022-10-27T14:13:37","slug":"sterbekasse","status":"publish","type":"page","link":"http:\/\/www.mg-herrath.de\/home\/?page_id=981","title":{"rendered":"Sterbenotgemeinschaft"},"content":{"rendered":"<p>Sterbekasse Herrath<\/p>\n<p>Die Sterbekasse Herrath wurde 1924 als gemeinn\u00fctzige Umlagekasse gegr\u00fcndet, um den Hinterbliebenen eine finanzielle Hilfe, das sog. Sterbegeld, zu gew\u00e4hren. Die Jahreshauptversammlung findet alle zwei Jahre statt.<\/p>\n<p>Anfang 2021, waren 253 Herrather B\u00fcrger oder solche, die ehemals in Herrath gewohnt haben, Mitglied. Davon sind neun Mitglieder unter 18 Jahren.<\/p>\n<p>Die Wirkungsweise der Gemeinschaftskasse besteht darin, dass bei jedem Sterbefall innerhalb dieser Gemeinschaft ein einmaliger Kostenbeitrag in H\u00f6he von 400\u20ac gezahlt wird. Zur Aufbringung dieser Leistung wird von den Mitgliedern kein monatlicher oder j\u00e4hrlicher Beitrag erhoben, sondern es wird nach jedem eingetretenen Sterbefall eine Sammlung durchgef\u00fchrt. Erwachsene zahlen 2 \u20ac; Kinder und Jugendliche unter 14 Jahren 1 \u20ac. Die Beitr\u00e4ge werden von Nachbarschaftskassierern\/-kassiererinnen eingesammelt. Diese sind zur Zeit:<\/p>\n<ul>\n<li>Irmgard Barth<\/li>\n<li>Jeannine Dicken<\/li>\n<li>Catarina Flenker-Di Mauro<\/li>\n<li>Sigrid Immig<\/li>\n<li>Lydia Paulussen<\/li>\n<li>Josef Wehnen<\/li>\n<\/ul>\n<p>Im Jahr 2020 verstarben 9 Mitglieder.<\/p>\n<p>Vorstandsmitglieder:<\/p>\n\n\n<figure class=\"wp-block-table\"><table><tbody><tr><td>Vorsitzender<\/td><td>Hans-J\u00fcrgen M\u00fcller <br><\/td><\/tr><tr><td>1. Kassiererin<br><\/td><td>Lydia Paulussen<br><\/td><\/tr><tr><td>2. Kassierer<br><\/td><td>Josef Wehnen<br><\/td><\/tr><\/tbody><\/table><\/figure>\n\n\n\n<p>Postanschrift:<br>Am Fuchspfad 5<br>41189 M\u00f6nchengladbach<\/p>\n\n\n\n<p>Die Gesch\u00e4fte der Sterbenotgemeinschaft werden auf der Basis der von der Mitgliederversammlung beschlossenen Satzung mit Stand vom 28.3.2007 gef\u00fchrt.<\/p>\n\n\n\n<p>Stand M\u00e4rz 2021<\/p>\n\n\n\n<p>Verantwortlich f\u00fcr den Inhalt: Hans-J\u00fcrgen M\u00fcller<br><\/p>\n","protected":false},"excerpt":{"rendered":"<p>Sterbekasse Herrath Die Sterbekasse Herrath wurde 1924 als gemeinn\u00fctzige Umlagekasse gegr\u00fcndet, um den Hinterbliebenen eine finanzielle Hilfe, das sog. Sterbegeld, zu gew\u00e4hren. Die Jahreshauptversammlung findet alle zwei Jahre statt. Anfang 2021, waren 253 Herrather B\u00fcrger oder solche, die ehemals in Herrath gewohnt haben, Mitglied. Davon sind neun Mitglieder unter 18 Jahren. Die Wirkungsweise der Gemeinschaftskasse [&hellip;]<\/p>\n","protected":false},"author":4,"featured_media":0,"parent":1886,"menu_order":80,"comment_status":"closed","ping_status":"closed","template":"","meta":{"spay_email":""},"jetpack_sharing_enabled":true,"jetpack_shortlink":"https:\/\/wp.me\/P6a3IJ-fP","_links":{"self":[{"href":"http:\/\/www.mg-herrath.de\/home\/index.php?rest_route=\/wp\/v2\/pages\/981"}],"collection":[{"href":"http:\/\/www.mg-herrath.de\/home\/index.php?rest_route=\/wp\/v2\/pages"}],"about":[{"href":"http:\/\/www.mg-herrath.de\/home\/index.php?rest_route=\/wp\/v2\/types\/page"}],"author":[{"embeddable":true,"href":"http:\/\/www.mg-herrath.de\/home\/index.php?rest_route=\/wp\/v2\/users\/4"}],"replies":[{"embeddable":true,"href":"http:\/\/www.mg-herrath.de\/home\/index.php?rest_route=%2Fwp%2Fv2%2Fcomments&post=981"}],"version-history":[{"count":18,"href":"http:\/\/www.mg-herrath.de\/home\/index.php?rest_route=\/wp\/v2\/pages\/981\/revisions"}],"predecessor-version":[{"id":2661,"href":"http:\/\/www.mg-herrath.de\/home\/index.php?rest_route=\/wp\/v2\/pages\/981\/revisions\/2661"}],"up":[{"embeddable":true,"href":"http:\/\/www.mg-herrath.de\/home\/index.php?rest_route=\/wp\/v2\/pages\/1886"}],"wp:attachment":[{"href":"http:\/\/www.mg-herrath.de\/home\/index.php?rest_route=%2Fwp%2Fv2%2Fmedia&parent=981"}],"curies":[{"name":"wp","href":"https:\/\/api.w.org\/{rel}","templated":true}]}}